{"id":847,"date":"2025-10-12T04:26:49","date_gmt":"2025-10-12T04:26:49","guid":{"rendered":"https:\/\/veoyee.com\/?post_type=product&#038;p=847"},"modified":"2025-10-27T11:23:47","modified_gmt":"2025-10-27T11:23:47","slug":"electronic-space-rocket-snapping-circuits-kits-stem-diy-intelligence-electronic-building-blocks-toys","status":"publish","type":"product","link":"https:\/\/veoyee.com\/es\/product\/electronic-space-rocket-snapping-circuits-kits-stem-diy-intelligence-electronic-building-blocks-toys\/","title":{"rendered":"Cohete Espacial Electr\u00f3nico Rompiendo Circuitos Kits STEM DIY Inteligencia Electr\u00f3nica Bloques de Construcci\u00f3n Juguetes"},"content":{"rendered":"<p>En la era actual, en la que se hace hincapi\u00e9 en el cultivo de las cualidades integrales de los ni\u00f1os, el Cohete Espacial Electr\u00f3nico Snapping Circuits Kits, como juguete educativo STEM que combina diversi\u00f3n y educaci\u00f3n, se est\u00e1 convirtiendo poco a poco en el favorito de padres e hijos.<\/p>\n<p>En cuanto al dise\u00f1o, este juguete electr\u00f3nico de bloques de construcci\u00f3n tiene como tema el misterioso y vasto espacio. El cuerpo principal presenta colores brillantes, y las formas de los cohetes, sat\u00e9lites, etc. son vivos y lindos, que son extremadamente atractivos. Su componente principal, el lanzacohetes, tiene una sencilla y generosa combinaci\u00f3n de colores naranja y blanco, que muestra el ingenio en los detalles. La base de empalme negra a juego no s\u00f3lo tiene una pr\u00e1ctica funci\u00f3n de conexi\u00f3n de circuitos, sino que tambi\u00e9n hace que toda la estructura del edificio sea m\u00e1s estable.<\/p>\n<p>En cuanto a sus caracter\u00edsticas funcionales, lo m\u00e1s destacado es la simulaci\u00f3n de experimentos con circuitos reales. Los ni\u00f1os pueden observar directamente el flujo y el efecto de la corriente el\u00e9ctrica conectando circuitos con sus propias manos, como encender bombillas y poner en marcha ventiladores. Esto realmente les permite aprender conocimientos el\u00e9ctricos mientras se divierten. Este proceso no s\u00f3lo permite a los ni\u00f1os comprender f\u00e1cilmente los principios b\u00e1sicos de los circuitos, sino que tambi\u00e9n estimula su inter\u00e9s por la exploraci\u00f3n cient\u00edfica, sentando una base s\u00f3lida para su futuro estudio de materias como la f\u00edsica. Esta forma de ense\u00f1ar jugando es m\u00e1s v\u00edvida y eficaz que la ense\u00f1anza tradicional con libros de texto, y abre a los ni\u00f1os la puerta a la ilustraci\u00f3n cient\u00edfica de una forma interesante.<\/p>\n<p>Los modos de juego de este kit son diversos, lo que proporciona a los ni\u00f1os un amplio espacio para la creatividad. Est\u00e1 equipado con diversos componentes electr\u00f3nicos y de modelismo. Los ni\u00f1os pueden combinar y construir libremente sus propias estaciones espaciales, bases de lanzamiento y otros escenarios. Durante el proceso de construcci\u00f3n, los ni\u00f1os tienen que pensar en los m\u00e9todos de conexi\u00f3n y las disposiciones funcionales de los distintos componentes, lo que no s\u00f3lo ejercita su habilidad manual, sino que tambi\u00e9n mejora enormemente su imaginaci\u00f3n espacial y su capacidad de pensamiento l\u00f3gico. Al mismo tiempo, este modo de juego abierto evita la monoton\u00eda de un \u00fanico modo de juego, lo que hace que los ni\u00f1os nunca se cansen de jugar y exploren constantemente nuevos m\u00e9todos de juego y creatividad.<\/p>\n<p>En t\u00e9rminos de calidad y seguridad, este producto ha superado una serie de estrictas certificaciones internacionales, como EN71, CE, COC, ASTM F963, CPSIA HR4040, etc. Estas certificaciones indican que el producto ha alcanzado altos est\u00e1ndares internacionales en aspectos como la seguridad de los materiales y las propiedades f\u00edsico-mec\u00e1nicas, lo que garantiza que los ni\u00f1os no estar\u00e1n expuestos a sustancias nocivas durante el juego, y los padres no tienen que preocuparse por los problemas de calidad del producto, lo que les permite comprar con confianza.<\/p>\n<p>En cuanto al p\u00fablico destinatario, este juguete es adecuado para ni\u00f1os a partir de 6 a\u00f1os. Los ni\u00f1os de esta edad est\u00e1n en una etapa de curiosidad por el mundo y deseosos de explorar nuevos conocimientos. Este producto puede satisfacer perfectamente sus necesidades y contribuir a su crecimiento. Tanto si se utiliza como compa\u00f1ero de juegos para los ni\u00f1os en la vida diaria como si se regala para un cumplea\u00f1os o unas vacaciones, es una excelente elecci\u00f3n.<\/p>\n<p>En conclusi\u00f3n, el cohete espacial electr\u00f3nico Snapping Circuits Kits no es s\u00f3lo un juguete, sino tambi\u00e9n una gran ayuda para la ilustraci\u00f3n cient\u00edfica de los ni\u00f1os. Con su dise\u00f1o \u00fanico, funciones ricas y calidad confiable, se abre una puerta al mundo cient\u00edfico para los ni\u00f1os, lo que les permite crecer sanamente mientras se divierten y explorar los misterios sin fin de la ciencia.<\/p>","protected":false},"excerpt":{"rendered":"<p>Gran significado educativo: Integrado con conceptos STEM, permite a los ni\u00f1os aprender gradualmente conocimientos el\u00e9ctricos mediante la simulaci\u00f3n de experimentos con circuitos reales, cultivando su creatividad cient\u00edfica. Diversos modos de juego: Con un tema de cohete espacial, contiene varios componentes que se pueden construir y combinar libremente, estimulando la imaginaci\u00f3n de los ni\u00f1os y las manos - en la capacidad. Calidad y seguridad fiables: Con m\u00faltiples certificaciones internacionales como EN71, CE, etc., garantiza la calidad y seguridad del producto, dando tranquilidad a los padres.<\/p>","protected":false},"featured_media":848,"template":"","meta":{"site-sidebar-layout":"default","site-content-layout":"","ast-site-content-layout":"default","site-content-style":"default","site-sidebar-style":"default","ast-global-header-display":"","ast-banner-title-visibility":"","ast-main-header-display":"","ast-hfb-above-header-display":"","ast-hfb-below-header-display":"","ast-hfb-mobile-header-display":"","site-post-title":"","ast-breadcrumbs-content":"","ast-featured-img":"","footer-sml-layout":"","theme-transparent-header-meta":"default","adv-header-id-meta":"","stick-header-meta":"default","header-above-stick-meta":"","header-main-stick-meta":"","header-below-stick-meta":"","astra-migrate-meta-layouts":"set","ast-page-background-enabled":"default","ast-page-background-meta":{"desktop":{"background-color":"var(--ast-global-color-4)","background-image":"","background-repeat":"repeat","background-position":"center center","background-size":"auto","background-attachment":"scroll","background-type":"","background-media":"","overlay-type":"","overlay-color":"","overlay-gradient":""},"tablet":{"background-color":"","background-image":"","background-repeat":"repeat","background-position":"center center","background-size":"auto","background-attachment":"scroll","background-type":"","background-media":"","overlay-type":"","overlay-color":"","overlay-gradient":""},"mobile":{"background-color":"","background-image":"","background-repeat":"repeat","background-position":"center center","background-size":"auto","background-attachment":"scroll","background-type":"","background-media":"","overlay-type":"","overlay-color":"","overlay-gradient":""}},"ast-content-background-meta":{"desktop":{"background-color":"var(--ast-global-color-5)","background-image":"","background-repeat":"repeat","background-position":"center center","background-size":"auto","background-attachment":"scroll","background-type":"","background-media":"","overlay-type":"","overlay-color":"","overlay-gradient":""},"tablet":{"background-color":"var(--ast-global-color-5)","background-image":"","background-repeat":"repeat","background-position":"center center","background-size":"auto","background-attachment":"scroll","background-type":"","background-media":"","overlay-type":"","overlay-color":"","overlay-gradient":""},"mobile":{"background-color":"var(--ast-global-color-5)","background-image":"","background-repeat":"repeat","background-position":"center center","background-size":"auto","background-attachment":"scroll","background-type":"","background-media":"","overlay-type":"","overlay-color":"","overlay-gradient":""}}},"product_brand":[],"product_cat":[15,49],"product_tag":[],"class_list":{"0":"post-847","1":"product","2":"type-product","3":"status-publish","4":"has-post-thumbnail","6":"product_cat-product","7":"product_cat-oem-odm-gifts","8":"desktop-align-center","9":"tablet-align-center","10":"mobile-align-center","11":"ast-product-gallery-layout-vertical-slider","12":"ast-product-gallery-with-no-image","13":"ast-product-tabs-layout-horizontal","15":"first","16":"instock","17":"shipping-taxable","18":"product-type-simple"},"_links":{"self":[{"href":"https:\/\/veoyee.com\/es\/wp-json\/wp\/v2\/product\/847","targetHints":{"allow":["GET"]}}],"collection":[{"href":"https:\/\/veoyee.com\/es\/wp-json\/wp\/v2\/product"}],"about":[{"href":"https:\/\/veoyee.com\/es\/wp-json\/wp\/v2\/types\/product"}],"wp:featuredmedia":[{"embeddable":true,"href":"https:\/\/veoyee.com\/es\/wp-json\/wp\/v2\/media\/848"}],"wp:attachment":[{"href":"https:\/\/veoyee.com\/es\/wp-json\/wp\/v2\/media?parent=847"}],"wp:term":[{"taxonomy":"product_brand","embeddable":true,"href":"https:\/\/veoyee.com\/es\/wp-json\/wp\/v2\/product_brand?post=847"},{"taxonomy":"product_cat","embeddable":true,"href":"https:\/\/veoyee.com\/es\/wp-json\/wp\/v2\/product_cat?post=847"},{"taxonomy":"product_tag","embeddable":true,"href":"https:\/\/veoyee.com\/es\/wp-json\/wp\/v2\/product_tag?post=847"}],"curies":[{"name":"wp","href":"https:\/\/api.w.org\/{rel}","templated":true}]}}