{"id":844,"date":"2025-10-12T04:25:46","date_gmt":"2025-10-12T04:25:46","guid":{"rendered":"https:\/\/veoyee.com\/?post_type=product&#038;p=844"},"modified":"2025-10-27T11:23:47","modified_gmt":"2025-10-27T11:23:47","slug":"3d-handmade-vintage-kongming-lock-luban-lock-wooden-toys-adults-puzzle-children-educational-toy-christmas-gift","status":"publish","type":"product","link":"https:\/\/veoyee.com\/es\/product\/3d-handmade-vintage-kongming-lock-luban-lock-wooden-toys-adults-puzzle-children-educational-toy-christmas-gift\/","title":{"rendered":"3D Hecho a mano Vintage KongMing Lock Luban Lock Juguetes de Madera Adultos Puzzle Ni\u00f1os Juguete Educativo Regalo de Navidad"},"content":{"rendered":"<p>En la acelerada vida moderna, la gente presta cada vez m\u00e1s atenci\u00f3n a la calidad de vida y a las b\u00fasquedas espirituales.  Si usted quiere elegir un juguete educativo y entretenido para los ni\u00f1os o encontrar un art\u00edculo para relajarse y ejercitar su mente por s\u00ed mismo, 3D hecho a mano Vintage KongMing Lock Luban Lock Juguetes de madera son una excelente opci\u00f3n.<\/p>\n<p>Uno de los aspectos m\u00e1s destacados de este juguete de madera es su material natural y de alta calidad.  Seleccionamos cuidadosamente madera de primera calidad, y cada pieza de madera se somete a un estricto control para garantizar una textura s\u00f3lida y duradera.  Las propiedades naturales de la madera hacen que no contenga aditivos qu\u00edmicos nocivos.  No s\u00f3lo es respetuoso con el medio ambiente y saludable, sino que tambi\u00e9n proporciona un tacto c\u00e1lido.  Cuando acaricias suavemente estos bloques de madera con la mano, puedes sentir realmente el aliento de la naturaleza.  Este material natural no s\u00f3lo hace que el juguete sea m\u00e1s seguro y fiable, apto para que los ni\u00f1os jueguen con \u00e9l, sino que su larga durabilidad le permite ser un \"compa\u00f1ero\" que puede acompa\u00f1arle durante mucho tiempo.  Incluso despu\u00e9s de un uso y juego prolongados, puede seguir manteniendo un buen estado.<\/p>\n<p>La artesan\u00eda puramente manual dota a este juguete de un encanto \u00fanico.  Cada Cerradura Kongming y cada Cerradura Luban es la cristalizaci\u00f3n de la elaborada talla de los artesanos.  Desde el corte inicial de la madera, pasando por el meticuloso pulido de los componentes, hasta el preciso ensamblaje, cada paso refleja el minucioso esfuerzo y la exquisita habilidad de los artesanos.  En una era inundada de productos fabricados a m\u00e1quina, los productos hechos a mano son especialmente valiosos.  No hay rastros r\u00edgidos de producci\u00f3n mec\u00e1nica en estos juguetes.  Por el contrario, cada detalle rezuma encanto vintage y sabor art\u00edstico.  Con formas \u00fanicas y estructuras ingeniosas, muestran el encanto de la artesan\u00eda tradicional.  Tanto si se utilizan como objeto de juego personal o como regalo para familiares y amigos, resultan muy elegantes.<\/p>\n<p>Y su potente funci\u00f3n educativa es una ventaja que no puede ignorarse.  La Cerradura Kongming y la Cerradura Luban, como juguetes educativos cl\u00e1sicos tradicionales en China, tienen una larga historia.  Para los ni\u00f1os, en el proceso de intentar abrir estas cerraduras, necesitan observar, pensar y probar diferentes m\u00e9todos constantemente, lo que puede ejercitar enormemente su capacidad de pensamiento espacial.  Al juzgar y operar la relaci\u00f3n espacial entre los bloques de madera, los ni\u00f1os pueden establecer gradualmente un buen sentido del espacio, sentando las bases para el futuro aprendizaje de materias como la geometr\u00eda.  Al mismo tiempo, su capacidad de razonamiento l\u00f3gico tambi\u00e9n puede mejorarse eficazmente.  Al analizar la relaci\u00f3n de conexi\u00f3n y los m\u00e9todos de desbloqueo de cada componente, el cerebro de los ni\u00f1os trabaja constantemente, y su pensamiento se vuelve m\u00e1s \u00e1gil y met\u00f3dico.<\/p>\n<p>Para los adultos, estos juguetes de madera son igualmente atractivos.  Despu\u00e9s de un ajetreado d\u00eda de trabajo, dejar el m\u00f3vil y el ordenador y calmarse para estudiar estos ingeniosos candados es una excelente forma de relajarse.  Permite olvidar temporalmente los problemas y las presiones de la vida y sumergirse en la diversi\u00f3n de resolver rompecabezas.  Adem\u00e1s, a medida que la gente envejece, su pensamiento tiende a volverse r\u00edgido.  Jugar con las Cerraduras Kongming y las Cerraduras Luban puede desafiar constantemente los l\u00edmites de su pensamiento, estimular la vitalidad del cerebro y mantener la flexibilidad y la innovaci\u00f3n del pensamiento.<\/p>\n<p>Cuando se acercan las Navidades, \u00bfa\u00fan le preocupa qu\u00e9 regalos hacer?  Este juguete de madera 3D hecho a mano Vintage KongMing Lock Luban Lock es sin duda un regalo \u00fanico.  No s\u00f3lo tiene la profunda connotaci\u00f3n de la artesan\u00eda tradicional, sino tambi\u00e9n funciones educativas pr\u00e1cticas.  Regalarlo a los ni\u00f1os es como dar una llave para abrir la puerta de la sabidur\u00eda; regalarlo a los amigos es una muestra de afecto \u00fanica e interesante; regalarlo a los mayores es un regalo precioso que puede evocar sentimientos nost\u00e1lgicos.  Tanto si se coloca en casa como decoraci\u00f3n como si se lleva en la mano para jugar, puede mostrar su encanto \u00fanico.<\/p>\n<p>Elegir este Juguete de Madera KongMing Lock Luban Vintage 3D hecho a mano significa elegir un estilo de vida que vuelve a la naturaleza, ejercita la mente y disfruta de la diversi\u00f3n.  No es s\u00f3lo un juguete, sino tambi\u00e9n un objeto precioso que combina tradici\u00f3n y modernidad, arte y sabidur\u00eda, esperando a que lo descubra y experimente su belleza.<\/p>","protected":false},"excerpt":{"rendered":"<p>Material natural: Fabricado en madera de alta calidad, es natural, respetuoso con el medio ambiente, de textura dura y tacto c\u00e1lido. Sin aditivos qu\u00edmicos, es seguro y duradero, no es f\u00e1cil de da\u00f1ar, incluso despu\u00e9s de jugar a largo plazo. Artesan\u00eda exquisita: Puramente hecho a mano, cada junta y componente est\u00e1 cuidadosamente pulido. Con formas \u00fanicas y estructuras ingeniosas, tiene un encanto vintage en toda regla, mostrando la belleza de la artesan\u00eda tradicional. S\u00f3lida funci\u00f3n educativa: Como juguetes cl\u00e1sicos Kongming Lock y Luban Lock, pueden ejercitar eficazmente el pensamiento espacial, el razonamiento l\u00f3gico y las habilidades pr\u00e1cticas. Ya sea para ni\u00f1os o adultos, pueden mejorar mentalmente y divertirse durante el proceso de resoluci\u00f3n de puzzles.<\/p>","protected":false},"featured_media":845,"template":"","meta":{"site-sidebar-layout":"default","site-content-layout":"","ast-site-content-layout":"default","site-content-style":"default","site-sidebar-style":"default","ast-global-header-display":"","ast-banner-title-visibility":"","ast-main-header-display":"","ast-hfb-above-header-display":"","ast-hfb-below-header-display":"","ast-hfb-mobile-header-display":"","site-post-title":"","ast-breadcrumbs-content":"","ast-featured-img":"","footer-sml-layout":"","theme-transparent-header-meta":"default","adv-header-id-meta":"","stick-header-meta":"default","header-above-stick-meta":"","header-main-stick-meta":"","header-below-stick-meta":"","astra-migrate-meta-layouts":"set","ast-page-background-enabled":"default","ast-page-background-meta":{"desktop":{"background-color":"var(--ast-global-color-4)","background-image":"","background-repeat":"repeat","background-position":"center center","background-size":"auto","background-attachment":"scroll","background-type":"","background-media":"","overlay-type":"","overlay-color":"","overlay-gradient":""},"tablet":{"background-color":"","background-image":"","background-repeat":"repeat","background-position":"center center","background-size":"auto","background-attachment":"scroll","background-type":"","background-media":"","overlay-type":"","overlay-color":"","overlay-gradient":""},"mobile":{"background-color":"","background-image":"","background-repeat":"repeat","background-position":"center center","background-size":"auto","background-attachment":"scroll","background-type":"","background-media":"","overlay-type":"","overlay-color":"","overlay-gradient":""}},"ast-content-background-meta":{"desktop":{"background-color":"var(--ast-global-color-5)","background-image":"","background-repeat":"repeat","background-position":"center center","background-size":"auto","background-attachment":"scroll","background-type":"","background-media":"","overlay-type":"","overlay-color":"","overlay-gradient":""},"tablet":{"background-color":"var(--ast-global-color-5)","background-image":"","background-repeat":"repeat","background-position":"center center","background-size":"auto","background-attachment":"scroll","background-type":"","background-media":"","overlay-type":"","overlay-color":"","overlay-gradient":""},"mobile":{"background-color":"var(--ast-global-color-5)","background-image":"","background-repeat":"repeat","background-position":"center center","background-size":"auto","background-attachment":"scroll","background-type":"","background-media":"","overlay-type":"","overlay-color":"","overlay-gradient":""}}},"product_brand":[],"product_cat":[15,49],"product_tag":[],"class_list":{"0":"post-844","1":"product","2":"type-product","3":"status-publish","4":"has-post-thumbnail","6":"product_cat-product","7":"product_cat-oem-odm-gifts","8":"desktop-align-center","9":"tablet-align-center","10":"mobile-align-center","11":"ast-product-gallery-layout-vertical-slider","12":"ast-product-tabs-layout-horizontal","14":"first","15":"instock","16":"shipping-taxable","17":"product-type-simple"},"_links":{"self":[{"href":"https:\/\/veoyee.com\/es\/wp-json\/wp\/v2\/product\/844","targetHints":{"allow":["GET"]}}],"collection":[{"href":"https:\/\/veoyee.com\/es\/wp-json\/wp\/v2\/product"}],"about":[{"href":"https:\/\/veoyee.com\/es\/wp-json\/wp\/v2\/types\/product"}],"wp:featuredmedia":[{"embeddable":true,"href":"https:\/\/veoyee.com\/es\/wp-json\/wp\/v2\/media\/845"}],"wp:attachment":[{"href":"https:\/\/veoyee.com\/es\/wp-json\/wp\/v2\/media?parent=844"}],"wp:term":[{"taxonomy":"product_brand","embeddable":true,"href":"https:\/\/veoyee.com\/es\/wp-json\/wp\/v2\/product_brand?post=844"},{"taxonomy":"product_cat","embeddable":true,"href":"https:\/\/veoyee.com\/es\/wp-json\/wp\/v2\/product_cat?post=844"},{"taxonomy":"product_tag","embeddable":true,"href":"https:\/\/veoyee.com\/es\/wp-json\/wp\/v2\/product_tag?post=844"}],"curies":[{"name":"wp","href":"https:\/\/api.w.org\/{rel}","templated":true}]}}