{"id":2094,"date":"2026-01-11T08:41:51","date_gmt":"2026-01-11T08:41:51","guid":{"rendered":"https:\/\/veoyee.com\/?post_type=product&#038;p=2094"},"modified":"2026-01-11T08:49:40","modified_gmt":"2026-01-11T08:49:40","slug":"barricade-board-game-fun-family-game","status":"publish","type":"product","link":"https:\/\/veoyee.com\/es\/product\/barricade-board-game-fun-family-game\/","title":{"rendered":"Juego de mesa Barricada - Divertido juego familiar"},"content":{"rendered":"<p data-mce-fragment=\"1\"><span style=\"font-weight: 400;\" data-mce-fragment=\"1\" data-mce-style=\"font-weight: 400;\">Barricada es un juego de mesa muy popular y uno de los m\u00e1s exclusivos de nuestra colecci\u00f3n. El juego est\u00e1 lleno de estrategia y dise\u00f1ado para 2 a 4 jugadores. Lo m\u00e1s divertido es cuando los jugadores hacen <\/span><i data-mce-fragment=\"1\"><span style=\"font-weight: 400;\" data-mce-fragment=\"1\" data-mce-style=\"font-weight: 400;\">no<\/span><\/i><span style=\"font-weight: 400;\" data-mce-fragment=\"1\" data-mce-style=\"font-weight: 400;\"> intentan no herir los sentimientos del otro, \u00a1as\u00ed que prep\u00e1rate para un emocionante conflicto en la noche de juegos en familia! Barricada se origin\u00f3 en Alemania en 1959, y en aquella \u00e9poca se llamaba Malefiz. Algunas versiones de Barricada tambi\u00e9n se parecen al juego del Pachisi.\u00a0<\/span><\/p>\n<p data-mce-fragment=\"1\"><span style=\"font-weight: 400;\" data-mce-fragment=\"1\" data-mce-style=\"font-weight: 400;\">Las reglas b\u00e1sicas de Barricade se basan en los conceptos de ataque y defensa. Durante el juego, debes impedir que tu oponente sea el primero en llegar al punto final colocando barricadas a lo largo de su camino. De lo contrario, puede que descubras que \"Es un largo y duro camino \/ cuando tus amigos empiezan \/ a dejarte atr\u00e1s\" (Neil Young). A medida que avanzas por el tablero, los jugadores tambi\u00e9n pueden aterrizar en las clavijas de sus oponentes para enviarlos de vuelta al principio. \u00bfC\u00f3mo de amable ser\u00e1s con tus rivales?<\/span><\/p>\n<p><br data-mce-fragment=\"1\"><\/p>\n<p data-mce-fragment=\"1\"><span style=\"font-weight: 400;\" data-mce-fragment=\"1\" data-mce-style=\"font-weight: 400;\">El colorido tablero de madera se pliega por la mitad para guardar internamente todas las piezas de juego cuando no se utiliza, \u00a1lo que tambi\u00e9n facilita los viajes!<\/span><\/p>\n<p data-mce-fragment=\"1\">\u00a0<\/p>\n<p data-mce-fragment=\"1\"><span style=\"font-weight: 400;\" data-mce-fragment=\"1\" data-mce-style=\"font-weight: 400;\">Advertencia: Peligro de asfixia - Piezas peque\u00f1as. No apto para ni\u00f1os menores de 3 a\u00f1os<\/span><\/p>","protected":false},"excerpt":{"rendered":"<p>Barricade is a wildly popular board game and one of the most unique in our collection! The game is packed [&hellip;]<\/p>","protected":false},"featured_media":2191,"template":"","meta":{"site-sidebar-layout":"default","site-content-layout":"","ast-site-content-layout":"","site-content-style":"default","site-sidebar-style":"default","ast-global-header-display":"","ast-banner-title-visibility":"","ast-main-header-display":"","ast-hfb-above-header-display":"","ast-hfb-below-header-display":"","ast-hfb-mobile-header-display":"","site-post-title":"","ast-breadcrumbs-content":"","ast-featured-img":"","footer-sml-layout":"","theme-transparent-header-meta":"","adv-header-id-meta":"","stick-header-meta":"","header-above-stick-meta":"","header-main-stick-meta":"","header-below-stick-meta":"","astra-migrate-meta-layouts":"default","ast-page-background-enabled":"default","ast-page-background-meta":{"desktop":{"background-color":"var(--ast-global-color-4)","background-image":"","background-repeat":"repeat","background-position":"center center","background-size":"auto","background-attachment":"scroll","background-type":"","background-media":"","overlay-type":"","overlay-color":"","overlay-gradient":""},"tablet":{"background-color":"","background-image":"","background-repeat":"repeat","background-position":"center center","background-size":"auto","background-attachment":"scroll","background-type":"","background-media":"","overlay-type":"","overlay-color":"","overlay-gradient":""},"mobile":{"background-color":"","background-image":"","background-repeat":"repeat","background-position":"center center","background-size":"auto","background-attachment":"scroll","background-type":"","background-media":"","overlay-type":"","overlay-color":"","overlay-gradient":""}},"ast-content-background-meta":{"desktop":{"background-color":"var(--ast-global-color-5)","background-image":"","background-repeat":"repeat","background-position":"center center","background-size":"auto","background-attachment":"scroll","background-type":"","background-media":"","overlay-type":"","overlay-color":"","overlay-gradient":""},"tablet":{"background-color":"var(--ast-global-color-5)","background-image":"","background-repeat":"repeat","background-position":"center center","background-size":"auto","background-attachment":"scroll","background-type":"","background-media":"","overlay-type":"","overlay-color":"","overlay-gradient":""},"mobile":{"background-color":"var(--ast-global-color-5)","background-image":"","background-repeat":"repeat","background-position":"center center","background-size":"auto","background-attachment":"scroll","background-type":"","background-media":"","overlay-type":"","overlay-color":"","overlay-gradient":""}}},"product_brand":[],"product_cat":[15,157],"product_tag":[65,87,129,54,136,158,139,73,74,75,76,146,81,82,160,85],"class_list":{"0":"post-2094","1":"product","2":"type-product","3":"status-publish","4":"has-post-thumbnail","6":"product_cat-product","7":"product_cat-wood-game","8":"product_tag-20-50","9":"product_tag-2-4-players","10":"product_tag-5-to-7-years-old","11":"product_tag-adults","12":"product_tag-ages-7-and-up","13":"product_tag-best-sellers-games","14":"product_tag-christmas-hanukkah","15":"product_tag-family-games","16":"product_tag-games","17":"product_tag-kids","18":"product_tag-kids-birthdays","19":"product_tag-party-games","20":"product_tag-strategic-mind","21":"product_tag-strategy-games","22":"product_tag-teens","23":"product_tag-wholesale","24":"desktop-align-center","25":"tablet-align-center","26":"mobile-align-center","27":"ast-product-gallery-layout-vertical-slider","28":"ast-product-tabs-layout-horizontal","30":"first","31":"instock","32":"shipping-taxable","33":"purchasable","34":"product-type-simple"},"_links":{"self":[{"href":"https:\/\/veoyee.com\/es\/wp-json\/wp\/v2\/product\/2094","targetHints":{"allow":["GET"]}}],"collection":[{"href":"https:\/\/veoyee.com\/es\/wp-json\/wp\/v2\/product"}],"about":[{"href":"https:\/\/veoyee.com\/es\/wp-json\/wp\/v2\/types\/product"}],"wp:featuredmedia":[{"embeddable":true,"href":"https:\/\/veoyee.com\/es\/wp-json\/wp\/v2\/media\/2191"}],"wp:attachment":[{"href":"https:\/\/veoyee.com\/es\/wp-json\/wp\/v2\/media?parent=2094"}],"wp:term":[{"taxonomy":"product_brand","embeddable":true,"href":"https:\/\/veoyee.com\/es\/wp-json\/wp\/v2\/product_brand?post=2094"},{"taxonomy":"product_cat","embeddable":true,"href":"https:\/\/veoyee.com\/es\/wp-json\/wp\/v2\/product_cat?post=2094"},{"taxonomy":"product_tag","embeddable":true,"href":"https:\/\/veoyee.com\/es\/wp-json\/wp\/v2\/product_tag?post=2094"}],"curies":[{"name":"wp","href":"https:\/\/api.w.org\/{rel}","templated":true}]}}