{"id":2068,"date":"2026-01-11T08:41:20","date_gmt":"2026-01-11T08:41:20","guid":{"rendered":"https:\/\/veoyee.com\/?post_type=product&#038;p=2068"},"modified":"2026-01-11T08:50:04","modified_gmt":"2026-01-11T08:50:04","slug":"cat-tangram-two-sets-with-65-challenge-cards-2","status":"publish","type":"product","link":"https:\/\/veoyee.com\/es\/product\/cat-tangram-two-sets-with-65-challenge-cards-2\/","title":{"rendered":"Cat Tangram - dos juegos con 65 tarjetas de desaf\u00edo"},"content":{"rendered":"<p><span style=\"font-weight: 400;\">El objetivo del rompecabezas Tangram del gato es formar diferentes formas de gato utilizando las 7 piezas del tangram. El juego incluye 65 tarjetas de desaf\u00edo y <\/span><i><span style=\"font-weight: 400;\">dos<\/span><\/i><span style=\"font-weight: 400;\"> conjuntos de las mismas piezas de tangram, lo que le permite jugar solo o con un amigo para ver qui\u00e9n puede formar la forma m\u00e1s r\u00e1pido. Para jugar, elige una carta de desaf\u00edo del mazo e intenta recrear la forma de la carta utilizando las 7 piezas de tu juego. Cuando juegues con otra persona, ambos jugadores pueden competir para resolver el mismo desaf\u00edo o cada jugador puede elegir su propia tarjeta de desaf\u00edo. Si te quedas atascado, la soluci\u00f3n est\u00e1 en el reverso de la tarjeta. Las cartas de desaf\u00edo tienen tres niveles de dificultad: f\u00e1cil, medio y dif\u00edcil. \u00a1Prueba a empezar por el nivel f\u00e1cil e ir subiendo!<\/span><\/p>\n<p><span style=\"font-weight: 400;\">El juego Tangram del gato viene en una bonita caja de madera hecha a mano con tapa para guardarlo. El puzzle es un maravilloso juego matem\u00e1tico que ayuda a desarrollar el pensamiento cr\u00edtico y una comprensi\u00f3n b\u00e1sica de la geometr\u00eda. Todas las edades y niveles de habilidad pueden disfrutar y aprender un par de cosas por el camino.\u00a0<\/span><\/p>\n<p><br style=\"font-weight: 400;\"><br style=\"font-weight: 400;\"><\/p>","protected":false},"excerpt":{"rendered":"<p>The object of the Cat Tangram Puzzle is to form different cat shapes using all 7 tangram pieces. The set [&hellip;]<\/p>","protected":false},"featured_media":1991,"template":"","meta":{"site-sidebar-layout":"default","site-content-layout":"","ast-site-content-layout":"","site-content-style":"default","site-sidebar-style":"default","ast-global-header-display":"","ast-banner-title-visibility":"","ast-main-header-display":"","ast-hfb-above-header-display":"","ast-hfb-below-header-display":"","ast-hfb-mobile-header-display":"","site-post-title":"","ast-breadcrumbs-content":"","ast-featured-img":"","footer-sml-layout":"","theme-transparent-header-meta":"","adv-header-id-meta":"","stick-header-meta":"","header-above-stick-meta":"","header-main-stick-meta":"","header-below-stick-meta":"","astra-migrate-meta-layouts":"default","ast-page-background-enabled":"default","ast-page-background-meta":{"desktop":{"background-color":"var(--ast-global-color-4)","background-image":"","background-repeat":"repeat","background-position":"center center","background-size":"auto","background-attachment":"scroll","background-type":"","background-media":"","overlay-type":"","overlay-color":"","overlay-gradient":""},"tablet":{"background-color":"","background-image":"","background-repeat":"repeat","background-position":"center center","background-size":"auto","background-attachment":"scroll","background-type":"","background-media":"","overlay-type":"","overlay-color":"","overlay-gradient":""},"mobile":{"background-color":"","background-image":"","background-repeat":"repeat","background-position":"center center","background-size":"auto","background-attachment":"scroll","background-type":"","background-media":"","overlay-type":"","overlay-color":"","overlay-gradient":""}},"ast-content-background-meta":{"desktop":{"background-color":"var(--ast-global-color-5)","background-image":"","background-repeat":"repeat","background-position":"center center","background-size":"auto","background-attachment":"scroll","background-type":"","background-media":"","overlay-type":"","overlay-color":"","overlay-gradient":""},"tablet":{"background-color":"var(--ast-global-color-5)","background-image":"","background-repeat":"repeat","background-position":"center center","background-size":"auto","background-attachment":"scroll","background-type":"","background-media":"","overlay-type":"","overlay-color":"","overlay-gradient":""},"mobile":{"background-color":"var(--ast-global-color-5)","background-image":"","background-repeat":"repeat","background-position":"center center","background-size":"auto","background-attachment":"scroll","background-type":"","background-media":"","overlay-type":"","overlay-color":"","overlay-gradient":""}}},"product_brand":[],"product_cat":[15,133],"product_tag":[134,96,135,129,54,136,69,125,137,71,138,139,126,140,141,72,61,73,142,74,91,99,127,143,144,75,76,77,145,146,147,119,148,149,94,80,150,83,85,151],"class_list":{"0":"post-2068","1":"product","2":"type-product","3":"status-publish","4":"has-post-thumbnail","6":"product_cat-product","7":"product_cat-wooden-puzzle","8":"product_tag-50-100","9":"product_tag-1-players","10":"product_tag-2d-assembly-puzzles","11":"product_tag-5-to-7-years-old","12":"product_tag-adults","13":"product_tag-ages-7-and-up","14":"product_tag-all-games","15":"product_tag-all-puzzles","16":"product_tag-animals","17":"product_tag-brainy-toys","18":"product_tag-cards-games","19":"product_tag-christmas-hanukkah","20":"product_tag-creativity","21":"product_tag-creativity-games","22":"product_tag-default-category","23":"product_tag-difficulty-level","24":"product_tag-educational","25":"product_tag-family-games","26":"product_tag-for-her","27":"product_tag-games","28":"product_tag-games-sale","29":"product_tag-geometric-shapes","30":"product_tag-geometry-puzzles","31":"product_tag-gift-sets","32":"product_tag-gifts-for-mom","33":"product_tag-kids","34":"product_tag-kids-birthdays","35":"product_tag-kids-games","36":"product_tag-level-3","37":"product_tag-party-games","38":"product_tag-put-together-puzzles","39":"product_tag-puzzles","40":"product_tag-puzzles-for-kids","41":"product_tag-puzzles-sale","42":"product_tag-sale","43":"product_tag-stem-toys","44":"product_tag-tangram-puzzles","45":"product_tag-toys","46":"product_tag-wholesale","47":"product_tag-wood-puzzle","48":"desktop-align-center","49":"tablet-align-center","50":"mobile-align-center","51":"ast-product-gallery-layout-vertical-slider","52":"ast-product-tabs-layout-horizontal","54":"first","55":"instock","56":"shipping-taxable","57":"purchasable","58":"product-type-simple"},"_links":{"self":[{"href":"https:\/\/veoyee.com\/es\/wp-json\/wp\/v2\/product\/2068","targetHints":{"allow":["GET"]}}],"collection":[{"href":"https:\/\/veoyee.com\/es\/wp-json\/wp\/v2\/product"}],"about":[{"href":"https:\/\/veoyee.com\/es\/wp-json\/wp\/v2\/types\/product"}],"wp:featuredmedia":[{"embeddable":true,"href":"https:\/\/veoyee.com\/es\/wp-json\/wp\/v2\/media\/1991"}],"wp:attachment":[{"href":"https:\/\/veoyee.com\/es\/wp-json\/wp\/v2\/media?parent=2068"}],"wp:term":[{"taxonomy":"product_brand","embeddable":true,"href":"https:\/\/veoyee.com\/es\/wp-json\/wp\/v2\/product_brand?post=2068"},{"taxonomy":"product_cat","embeddable":true,"href":"https:\/\/veoyee.com\/es\/wp-json\/wp\/v2\/product_cat?post=2068"},{"taxonomy":"product_tag","embeddable":true,"href":"https:\/\/veoyee.com\/es\/wp-json\/wp\/v2\/product_tag?post=2068"}],"curies":[{"name":"wp","href":"https:\/\/api.w.org\/{rel}","templated":true}]}}