{"id":2052,"date":"2026-01-11T08:40:55","date_gmt":"2026-01-11T08:40:55","guid":{"rendered":"https:\/\/veoyee.com\/?post_type=product&#038;p=2052"},"modified":"2026-01-11T08:50:06","modified_gmt":"2026-01-11T08:50:06","slug":"go-board-game","status":"publish","type":"product","link":"https:\/\/veoyee.com\/es\/product\/go-board-game\/","title":{"rendered":"Juego de mesa Go"},"content":{"rendered":"<p><span style=\"font-weight: 400;\" data-mce-style=\"font-weight: 400;\">Go is a strategy board game originating from ancient China some three thousand years ago. The game is adversarial by nature, where two players battle to cover a larger total area of the board with their own colored stones. Each turn, players alternate placing stones to map out their potential territories. When one player has surrounded the stones of another, they \u201ccapture\u201d those pieces and gain more territory. There is a rich, complicated strategy involved in the game of Go, more than one may realize at first. The number of possible moves is vast and exponentially larger than possible moves in the game of Chess, despite the relatively simple rules.\u00a0<\/span><\/p>\n<p><span style=\"font-weight: 400;\" data-mce-style=\"font-weight: 400;\">This wooden board game folds in half and comes with a storage compartment to contain all pieces and ensure that you can enjoy this game again and again.<\/span><br style=\"font-weight: 400;\" data-mce-style=\"font-weight: 400;\"><\/p>\n<p>Advertencia: Peligro de asfixia - piezas peque\u00f1as. No apto para ni\u00f1os menores de 3 a\u00f1os.<\/p>","protected":false},"excerpt":{"rendered":"<p>Go is a strategy board game originating from ancient China some three thousand years ago. The game is adversarial by [&hellip;]<\/p>","protected":false},"featured_media":2143,"template":"","meta":{"site-sidebar-layout":"default","site-content-layout":"","ast-site-content-layout":"","site-content-style":"default","site-sidebar-style":"default","ast-global-header-display":"","ast-banner-title-visibility":"","ast-main-header-display":"","ast-hfb-above-header-display":"","ast-hfb-below-header-display":"","ast-hfb-mobile-header-display":"","site-post-title":"","ast-breadcrumbs-content":"","ast-featured-img":"","footer-sml-layout":"","theme-transparent-header-meta":"","adv-header-id-meta":"","stick-header-meta":"","header-above-stick-meta":"","header-main-stick-meta":"","header-below-stick-meta":"","astra-migrate-meta-layouts":"default","ast-page-background-enabled":"default","ast-page-background-meta":{"desktop":{"background-color":"var(--ast-global-color-4)","background-image":"","background-repeat":"repeat","background-position":"center center","background-size":"auto","background-attachment":"scroll","background-type":"","background-media":"","overlay-type":"","overlay-color":"","overlay-gradient":""},"tablet":{"background-color":"","background-image":"","background-repeat":"repeat","background-position":"center center","background-size":"auto","background-attachment":"scroll","background-type":"","background-media":"","overlay-type":"","overlay-color":"","overlay-gradient":""},"mobile":{"background-color":"","background-image":"","background-repeat":"repeat","background-position":"center center","background-size":"auto","background-attachment":"scroll","background-type":"","background-media":"","overlay-type":"","overlay-color":"","overlay-gradient":""}},"ast-content-background-meta":{"desktop":{"background-color":"var(--ast-global-color-5)","background-image":"","background-repeat":"repeat","background-position":"center center","background-size":"auto","background-attachment":"scroll","background-type":"","background-media":"","overlay-type":"","overlay-color":"","overlay-gradient":""},"tablet":{"background-color":"var(--ast-global-color-5)","background-image":"","background-repeat":"repeat","background-position":"center center","background-size":"auto","background-attachment":"scroll","background-type":"","background-media":"","overlay-type":"","overlay-color":"","overlay-gradient":""},"mobile":{"background-color":"var(--ast-global-color-5)","background-image":"","background-repeat":"repeat","background-position":"center center","background-size":"auto","background-attachment":"scroll","background-type":"","background-media":"","overlay-type":"","overlay-color":"","overlay-gradient":""}}},"product_brand":[],"product_cat":[15,157],"product_tag":[134,66,54,136,69,158,139,141,73,168,74,106,171,169,144,81,82,160,85],"class_list":{"0":"post-2052","1":"product","2":"type-product","3":"status-publish","4":"has-post-thumbnail","6":"product_cat-product","7":"product_cat-wood-game","8":"product_tag-50-100","9":"product_tag-2-players","10":"product_tag-adults","11":"product_tag-ages-7-and-up","12":"product_tag-all-games","13":"product_tag-best-sellers-games","14":"product_tag-christmas-hanukkah","15":"product_tag-default-category","16":"product_tag-family-games","17":"product_tag-for-him","18":"product_tag-games","19":"product_tag-gifts","20":"product_tag-gifts-by-theme","21":"product_tag-gifts-for-dad","22":"product_tag-gifts-for-mom","23":"product_tag-strategic-mind","24":"product_tag-strategy-games","25":"product_tag-teens","26":"product_tag-wholesale","27":"desktop-align-center","28":"tablet-align-center","29":"mobile-align-center","30":"ast-product-gallery-layout-vertical-slider","31":"ast-product-tabs-layout-horizontal","33":"first","34":"instock","35":"shipping-taxable","36":"purchasable","37":"product-type-simple"},"_links":{"self":[{"href":"https:\/\/veoyee.com\/es\/wp-json\/wp\/v2\/product\/2052","targetHints":{"allow":["GET"]}}],"collection":[{"href":"https:\/\/veoyee.com\/es\/wp-json\/wp\/v2\/product"}],"about":[{"href":"https:\/\/veoyee.com\/es\/wp-json\/wp\/v2\/types\/product"}],"wp:featuredmedia":[{"embeddable":true,"href":"https:\/\/veoyee.com\/es\/wp-json\/wp\/v2\/media\/2143"}],"wp:attachment":[{"href":"https:\/\/veoyee.com\/es\/wp-json\/wp\/v2\/media?parent=2052"}],"wp:term":[{"taxonomy":"product_brand","embeddable":true,"href":"https:\/\/veoyee.com\/es\/wp-json\/wp\/v2\/product_brand?post=2052"},{"taxonomy":"product_cat","embeddable":true,"href":"https:\/\/veoyee.com\/es\/wp-json\/wp\/v2\/product_cat?post=2052"},{"taxonomy":"product_tag","embeddable":true,"href":"https:\/\/veoyee.com\/es\/wp-json\/wp\/v2\/product_tag?post=2052"}],"curies":[{"name":"wp","href":"https:\/\/api.w.org\/{rel}","templated":true}]}}