{"id":2036,"date":"2026-01-11T08:40:27","date_gmt":"2026-01-11T08:40:27","guid":{"rendered":"https:\/\/veoyee.com\/?post_type=product&#038;p=2036"},"modified":"2026-01-11T08:50:06","modified_gmt":"2026-01-11T08:50:06","slug":"3d-connect-four-strategy-board-game","status":"publish","type":"product","link":"https:\/\/veoyee.com\/es\/product\/3d-connect-four-strategy-board-game\/","title":{"rendered":"3D Connect Four - Juego de mesa de estrategia"},"content":{"rendered":"<p><span style=\"font-weight: 400;\" data-mce-style=\"font-weight: 400;\">Si te encanta Conecta Cuatro, \u00bfpor qu\u00e9 no mejorar tu juego y saltar a la siguiente dimensi\u00f3n con Conecta Cuatro 3D? En esta versi\u00f3n del cl\u00e1sico juego, cada jugador coloca por turnos su ficha de color en la cuadr\u00edcula de 4 x 4 x 4. Los jugadores punt\u00faan por cada l\u00ednea de 4 fichas en fila. Los jugadores consiguen un punto por cada l\u00ednea de 4 fichas en fila. Se pueden conseguir puntos en horizontal, vertical y diagonal. <\/span><i><span style=\"font-weight: 400;\" data-mce-style=\"font-weight: 400;\">en cualquier dimensi\u00f3n<\/span><\/i><span style=\"font-weight: 400;\" data-mce-style=\"font-weight: 400;\">\u00a1! El truco para tener \u00e9xito en este juego de estrategia es jugar a la defensiva <\/span><i><span style=\"font-weight: 400;\" data-mce-style=\"font-weight: 400;\">y<\/span><\/i><span style=\"font-weight: 400;\" data-mce-style=\"font-weight: 400;\"> ofensivamente, similar al ajedrez o las damas. Ten cuidado, las filas y columnas interiores pueden quedar bloqueadas a la vista una vez que la cuadr\u00edcula se llene, \u00a1pero siguen contando! Una vez llena la cuadr\u00edcula del cubo, \u00a1el jugador con m\u00e1s puntos (filas de 4) es el campe\u00f3n!<\/span><\/p>\n<p><span style=\"font-weight: 400;\" data-mce-style=\"font-weight: 400;\">Este Conecta Cuatro 3D de madera, finamente elaborado, viene con una cubierta que cubre la cuadr\u00edcula. Es un regalo maravilloso para cualquier persona que aprecie los juegos cl\u00e1sicos de calidad y es un \u00e9xito de ventas para los ni\u00f1os.<\/span><\/p>\n<p>Advertencia: Peligro de asfixia - Piezas peque\u00f1as. No apto para ni\u00f1os menores de 3 a\u00f1os<\/p>\n<p>\u00a0<\/p>\n<p>\u00a0<\/p>","protected":false},"excerpt":{"rendered":"<p>If you love Connect Four, why not up your game and jump into the next dimension with 3D Connect Four? [&hellip;]<\/p>","protected":false},"featured_media":2125,"template":"","meta":{"site-sidebar-layout":"default","site-content-layout":"","ast-site-content-layout":"","site-content-style":"default","site-sidebar-style":"default","ast-global-header-display":"","ast-banner-title-visibility":"","ast-main-header-display":"","ast-hfb-above-header-display":"","ast-hfb-below-header-display":"","ast-hfb-mobile-header-display":"","site-post-title":"","ast-breadcrumbs-content":"","ast-featured-img":"","footer-sml-layout":"","theme-transparent-header-meta":"","adv-header-id-meta":"","stick-header-meta":"","header-above-stick-meta":"","header-main-stick-meta":"","header-below-stick-meta":"","astra-migrate-meta-layouts":"default","ast-page-background-enabled":"default","ast-page-background-meta":{"desktop":{"background-color":"var(--ast-global-color-4)","background-image":"","background-repeat":"repeat","background-position":"center center","background-size":"auto","background-attachment":"scroll","background-type":"","background-media":"","overlay-type":"","overlay-color":"","overlay-gradient":""},"tablet":{"background-color":"","background-image":"","background-repeat":"repeat","background-position":"center center","background-size":"auto","background-attachment":"scroll","background-type":"","background-media":"","overlay-type":"","overlay-color":"","overlay-gradient":""},"mobile":{"background-color":"","background-image":"","background-repeat":"repeat","background-position":"center center","background-size":"auto","background-attachment":"scroll","background-type":"","background-media":"","overlay-type":"","overlay-color":"","overlay-gradient":""}},"ast-content-background-meta":{"desktop":{"background-color":"var(--ast-global-color-5)","background-image":"","background-repeat":"repeat","background-position":"center center","background-size":"auto","background-attachment":"scroll","background-type":"","background-media":"","overlay-type":"","overlay-color":"","overlay-gradient":""},"tablet":{"background-color":"var(--ast-global-color-5)","background-image":"","background-repeat":"repeat","background-position":"center center","background-size":"auto","background-attachment":"scroll","background-type":"","background-media":"","overlay-type":"","overlay-color":"","overlay-gradient":""},"mobile":{"background-color":"var(--ast-global-color-5)","background-image":"","background-repeat":"repeat","background-position":"center center","background-size":"auto","background-attachment":"scroll","background-type":"","background-media":"","overlay-type":"","overlay-color":"","overlay-gradient":""}}},"product_brand":[],"product_cat":[15,157],"product_tag":[65,66,129,67,54,136,69,158,139,170,73,130,142,74,106,171,169,144,75,76,146,131,81,82,160,84,85,151],"class_list":{"0":"post-2036","1":"product","2":"type-product","3":"status-publish","4":"has-post-thumbnail","6":"product_cat-product","7":"product_cat-wood-game","8":"product_tag-20-50","9":"product_tag-2-players","10":"product_tag-5-to-7-years-old","11":"product_tag-7-to-12-years-old","12":"product_tag-adults","13":"product_tag-ages-7-and-up","14":"product_tag-all-games","15":"product_tag-best-sellers-games","16":"product_tag-christmas-hanukkah","17":"product_tag-corporate-gifts","18":"product_tag-family-games","19":"product_tag-for-grandparents","20":"product_tag-for-her","21":"product_tag-games","22":"product_tag-gifts","23":"product_tag-gifts-by-theme","24":"product_tag-gifts-for-dad","25":"product_tag-gifts-for-mom","26":"product_tag-kids","27":"product_tag-kids-birthdays","28":"product_tag-party-games","29":"product_tag-senior","30":"product_tag-strategic-mind","31":"product_tag-strategy-games","32":"product_tag-teens","33":"product_tag-two-player-games","34":"product_tag-wholesale","35":"product_tag-wood-puzzle","36":"desktop-align-center","37":"tablet-align-center","38":"mobile-align-center","39":"ast-product-gallery-layout-vertical-slider","40":"ast-product-single-variable","41":"ast-product-tabs-layout-horizontal","43":"first","44":"instock","45":"sale","46":"shipping-taxable","47":"purchasable","48":"product-type-variable"},"_links":{"self":[{"href":"https:\/\/veoyee.com\/es\/wp-json\/wp\/v2\/product\/2036","targetHints":{"allow":["GET"]}}],"collection":[{"href":"https:\/\/veoyee.com\/es\/wp-json\/wp\/v2\/product"}],"about":[{"href":"https:\/\/veoyee.com\/es\/wp-json\/wp\/v2\/types\/product"}],"wp:featuredmedia":[{"embeddable":true,"href":"https:\/\/veoyee.com\/es\/wp-json\/wp\/v2\/media\/2125"}],"wp:attachment":[{"href":"https:\/\/veoyee.com\/es\/wp-json\/wp\/v2\/media?parent=2036"}],"wp:term":[{"taxonomy":"product_brand","embeddable":true,"href":"https:\/\/veoyee.com\/es\/wp-json\/wp\/v2\/product_brand?post=2036"},{"taxonomy":"product_cat","embeddable":true,"href":"https:\/\/veoyee.com\/es\/wp-json\/wp\/v2\/product_cat?post=2036"},{"taxonomy":"product_tag","embeddable":true,"href":"https:\/\/veoyee.com\/es\/wp-json\/wp\/v2\/product_tag?post=2036"}],"curies":[{"name":"wp","href":"https:\/\/api.w.org\/{rel}","templated":true}]}}