{"id":2013,"date":"2026-01-11T08:39:08","date_gmt":"2026-01-11T08:39:08","guid":{"rendered":"https:\/\/veoyee.com\/?post_type=product&#038;p=2013"},"modified":"2026-01-11T08:50:07","modified_gmt":"2026-01-11T08:50:07","slug":"pentomino-puzzle-set-with-65-challenge-cards","status":"publish","type":"product","link":"https:\/\/veoyee.com\/es\/product\/pentomino-puzzle-set-with-65-challenge-cards\/","title":{"rendered":"Juego de pentomin\u00f3s - con 65 cartas de desaf\u00edo"},"content":{"rendered":"<p><span style=\"font-weight: 400;\">The Pentomino Set is a classic mathematical puzzle that offers 2D <\/span><i><span style=\"font-weight: 400;\">y<\/span><\/i><span style=\"font-weight: 400;\"> 3D challenges with thousands of solutions. Each set contains 13 pieces. 12 of these pieces are different shapes that are all formed from 5 cubes in different combinations. Because \u201cpento\u201d is a Greek prefix for \u201cfive\u201d, that number is a central theme for Pentomino. The playing pieces represent all possible combinations of 5 cubes that are joined together edge to edge. To complete the set, there is 1 square piece made from 4 cubes.<\/span><\/p>\n<p><span style=\"font-weight: 400;\">Also included is a deck of 65 challenge cards, and each card displays a different shape with a solution on the back. The object of the game is to copy the shape using all 13 pieces. Players can move up in difficulty level as they progress through the deck and switch from 2D shapes to 3D structures. Unlike many other puzzles, there are hundreds, sometimes thousands of ways to reach the same end goal. The set comes tucked in a handmade, wooden box with a lid for safekeeping and travel. The educational merits and endless possibilities make Pentomino a wonderful gift for adults and children aged 7 and up who want to sharpen their problem-solving skills and enjoy a fun, relaxing, <\/span><i><span style=\"font-weight: 400;\">low-tech<\/span><\/i><span style=\"font-weight: 400;\"> activity!<\/span><\/p>\n<p>\u00a0<\/p>\n<p><span style=\"font-weight: 400;\">Below are just <\/span><i><span style=\"font-weight: 400;\">some<\/span><\/i><span style=\"font-weight: 400;\"> examples of the shapes and structures you could build with this amazing pentomino puzzle:<\/span><\/p>\n<p><span style=\"font-weight: 400;\">A 6&#215;10 rectangle has 2,339 solutions.<\/span><\/p>\n<p><span style=\"font-weight: 400;\">A 3&#215;20 rectangle has only 2 solutions.<\/span><\/p>\n<p><span style=\"font-weight: 400;\">A 4&#215;15 rectangle has 368 solutions.<\/span><\/p>\n<p><span style=\"font-weight: 400;\">A 5&#215;12 rectangle has 1,010 solutions.<\/span><\/p>\n<p><span style=\"font-weight: 400;\">A 5x4x3 cube has 3,940 solutions.<\/span><\/p>\n<p><span style=\"font-weight: 400;\">A 6x5x2 cube has 264 solutions.<\/span><\/p>\n<p><span style=\"font-weight: 400;\">A 10x3x2 cube has 12 solutions.<\/span><\/p>\n<p>Advertencia: Peligro de asfixia - piezas peque\u00f1as. No apto para ni\u00f1os menores de 3 a\u00f1os.<\/p>\n<p>\u00a0<\/p>","protected":false},"excerpt":{"rendered":"<p>The Pentomino Set is a classic mathematical puzzle that offers 2D and 3D challenges with thousands of solutions. Each set [&hellip;]<\/p>","protected":false},"featured_media":2101,"template":"","meta":{"site-sidebar-layout":"default","site-content-layout":"","ast-site-content-layout":"","site-content-style":"default","site-sidebar-style":"default","ast-global-header-display":"","ast-banner-title-visibility":"","ast-main-header-display":"","ast-hfb-above-header-display":"","ast-hfb-below-header-display":"","ast-hfb-mobile-header-display":"","site-post-title":"","ast-breadcrumbs-content":"","ast-featured-img":"","footer-sml-layout":"","theme-transparent-header-meta":"","adv-header-id-meta":"","stick-header-meta":"","header-above-stick-meta":"","header-main-stick-meta":"","header-below-stick-meta":"","astra-migrate-meta-layouts":"default","ast-page-background-enabled":"default","ast-page-background-meta":{"desktop":{"background-color":"var(--ast-global-color-4)","background-image":"","background-repeat":"repeat","background-position":"center center","background-size":"auto","background-attachment":"scroll","background-type":"","background-media":"","overlay-type":"","overlay-color":"","overlay-gradient":""},"tablet":{"background-color":"","background-image":"","background-repeat":"repeat","background-position":"center center","background-size":"auto","background-attachment":"scroll","background-type":"","background-media":"","overlay-type":"","overlay-color":"","overlay-gradient":""},"mobile":{"background-color":"","background-image":"","background-repeat":"repeat","background-position":"center center","background-size":"auto","background-attachment":"scroll","background-type":"","background-media":"","overlay-type":"","overlay-color":"","overlay-gradient":""}},"ast-content-background-meta":{"desktop":{"background-color":"var(--ast-global-color-5)","background-image":"","background-repeat":"repeat","background-position":"center center","background-size":"auto","background-attachment":"scroll","background-type":"","background-media":"","overlay-type":"","overlay-color":"","overlay-gradient":""},"tablet":{"background-color":"var(--ast-global-color-5)","background-image":"","background-repeat":"repeat","background-position":"center center","background-size":"auto","background-attachment":"scroll","background-type":"","background-media":"","overlay-type":"","overlay-color":"","overlay-gradient":""},"mobile":{"background-color":"var(--ast-global-color-5)","background-image":"","background-repeat":"repeat","background-position":"center center","background-size":"auto","background-attachment":"scroll","background-type":"","background-media":"","overlay-type":"","overlay-color":"","overlay-gradient":""}}},"product_brand":[],"product_cat":[15,133],"product_tag":[134,96,135,173,54,136,69,125,174,71,139,126,72,61,175,130,168,74,99,127,143,169,176,78,164,177,147,119,131,165,80,160,85,151],"class_list":{"0":"post-2013","1":"product","2":"type-product","3":"status-publish","4":"has-post-thumbnail","6":"product_cat-product","7":"product_cat-wooden-puzzle","8":"product_tag-50-100","9":"product_tag-1-players","10":"product_tag-2d-assembly-puzzles","11":"product_tag-3d-assembly-puzzles","12":"product_tag-adults","13":"product_tag-ages-7-and-up","14":"product_tag-all-games","15":"product_tag-all-puzzles","16":"product_tag-best-sellers-puzzles","17":"product_tag-brainy-toys","18":"product_tag-christmas-hanukkah","19":"product_tag-creativity","20":"product_tag-difficulty-level","21":"product_tag-educational","22":"product_tag-extreme-difficult-puzzles","23":"product_tag-for-grandparents","24":"product_tag-for-him","25":"product_tag-games","26":"product_tag-geometric-shapes","27":"product_tag-geometry-puzzles","28":"product_tag-gift-sets","29":"product_tag-gifts-for-dad","30":"product_tag-level-4","31":"product_tag-math-games","32":"product_tag-mathematical-puzzles","33":"product_tag-pentomino-puzzles","34":"product_tag-put-together-puzzles","35":"product_tag-puzzles","36":"product_tag-senior","37":"product_tag-solo-play-games","38":"product_tag-stem-toys","39":"product_tag-teens","40":"product_tag-wholesale","41":"product_tag-wood-puzzle","42":"desktop-align-center","43":"tablet-align-center","44":"mobile-align-center","45":"ast-product-gallery-layout-vertical-slider","46":"ast-product-tabs-layout-horizontal","48":"first","49":"instock","50":"shipping-taxable","51":"purchasable","52":"product-type-simple"},"_links":{"self":[{"href":"https:\/\/veoyee.com\/es\/wp-json\/wp\/v2\/product\/2013","targetHints":{"allow":["GET"]}}],"collection":[{"href":"https:\/\/veoyee.com\/es\/wp-json\/wp\/v2\/product"}],"about":[{"href":"https:\/\/veoyee.com\/es\/wp-json\/wp\/v2\/types\/product"}],"wp:featuredmedia":[{"embeddable":true,"href":"https:\/\/veoyee.com\/es\/wp-json\/wp\/v2\/media\/2101"}],"wp:attachment":[{"href":"https:\/\/veoyee.com\/es\/wp-json\/wp\/v2\/media?parent=2013"}],"wp:term":[{"taxonomy":"product_brand","embeddable":true,"href":"https:\/\/veoyee.com\/es\/wp-json\/wp\/v2\/product_brand?post=2013"},{"taxonomy":"product_cat","embeddable":true,"href":"https:\/\/veoyee.com\/es\/wp-json\/wp\/v2\/product_cat?post=2013"},{"taxonomy":"product_tag","embeddable":true,"href":"https:\/\/veoyee.com\/es\/wp-json\/wp\/v2\/product_tag?post=2013"}],"curies":[{"name":"wp","href":"https:\/\/api.w.org\/{rel}","templated":true}]}}