{"id":1084,"date":"2025-10-27T11:20:14","date_gmt":"2025-10-27T11:20:14","guid":{"rendered":"https:\/\/veoyee.com\/?post_type=product&#038;p=1084"},"modified":"2025-10-27T11:22:16","modified_gmt":"2025-10-27T11:22:16","slug":"custom-childrens-wooden-3d-cartoon-animal-puzzle-early","status":"publish","type":"product","link":"https:\/\/veoyee.com\/es\/product\/custom-childrens-wooden-3d-cartoon-animal-puzzle-early\/","title":{"rendered":"Custom Children&#8217;s Wooden 3D Cartoon Animal Puzzle Early"},"content":{"rendered":"<p>Puzzle infantil de madera con animales de dibujos animados en 3D - Un nuevo viaje a la educaci\u00f3n infantil y al desarrollo de la inteligencia<\/p>\n<p>En el proceso de crecimiento de un ni\u00f1o, la educaci\u00f3n temprana es de gran importancia. Nuestro rompecabezas infantil de madera 3D de animales de dibujos animados, como juguete educativo que combina diversi\u00f3n y educaci\u00f3n, aportar\u00e1 una experiencia de juego \u00fanica a los ni\u00f1os y contribuir\u00e1 a su desarrollo intelectual.<\/p>\n<p><strong>Abundantes formas para estimular el inter\u00e9s cognitivo<\/strong><\/p>\n<p>Este puzzle tiene una gama muy rica y diversa de dise\u00f1os de formas. Las simp\u00e1ticas im\u00e1genes de animales de dibujos animados son muy vivas. Est\u00e1n los sencillos y adorables elefantes, con sus largas trompas balance\u00e1ndose como si saludaran a los ni\u00f1os; los peque\u00f1os y vivaces caracoles, arrastr\u00e1ndose lentamente con sus coloridas conchas; los inteligentes y despiertos zorros, con sus grandes ojos llenos de curiosidad; y los activos delfines, saltando fuera del agua para dar alegr\u00eda. Adem\u00e1s de animales, tambi\u00e9n hay formas de transporte, como barcos y coches de polic\u00eda. Estas ricas formas pueden estimular ampliamente los intereses cognitivos de los ni\u00f1os por diferentes cosas, ayudarles a reconocer animales, entender el transporte, ampliar sus conocimientos y abrirles una colorida ventana para entender el mundo.<\/p>\n<p><strong>Progresi\u00f3n de la dificultad cient\u00edfica para ejercitar la capacidad de pensamiento<\/strong><\/p>\n<p>El puzzle est\u00e1 ingeniosamente dise\u00f1ado en t\u00e9rminos de dificultad, siguiendo el principio de la progresi\u00f3n cient\u00edfica. Empezando con un sencillo puzzle de 4 piezas, es adecuado para los beb\u00e9s m\u00e1s peque\u00f1os que se inician en el mundo de los puzzles. Pueden iniciarse con facilidad, obtener una sensaci\u00f3n de logro al completar con \u00e9xito el puzzle y desarrollar su amor por los juegos de puzzle. A medida que los ni\u00f1os crecen y mejoran sus habilidades manuales y de pensamiento, pasan gradualmente a puzzles de 5, 6, 7 e incluso 8 piezas. El aumento del n\u00famero de piezas supone un incremento gradual de la dificultad. Esto requiere que los ni\u00f1os observen los detalles de los patrones con m\u00e1s atenci\u00f3n y piensen en las relaciones de posici\u00f3n de las piezas del puzzle, ejercitando as\u00ed eficazmente su capacidad de pensamiento espacial, su capacidad de coordinaci\u00f3n mano-ojo y su capacidad de resoluci\u00f3n de problemas. Deje que los ni\u00f1os se desaf\u00eden constantemente mientras juegan y logren un crecimiento constante de su inteligencia.<\/p>\n<p><strong>Materiales seguros y de alta calidad para cuidar el crecimiento<\/strong><\/p>\n<p>En cuanto a la selecci\u00f3n de materiales, siempre damos prioridad a la seguridad de los ni\u00f1os. Este puzzle est\u00e1 fabricado con materiales de madera de alta calidad, que son robustos, resistentes a las ca\u00eddas y al desgaste, y pueden soportar la forma activa y juguetona de jugar de los ni\u00f1os. La superficie est\u00e1 recubierta con pintura al agua, respetuosa con el medio ambiente y no t\u00f3xica, que no libera sustancias qu\u00edmicas nocivas, evitando que los ni\u00f1os sufran da\u00f1os por contacto o mordiscos durante el juego. Al mismo tiempo, el tama\u00f1o del puzzle es muy considerado. Cada pieza del puzzle es f\u00e1cil de agarrar para los ni\u00f1os, sin riesgo de que se la traguen por ser demasiado peque\u00f1a, ni demasiado grande para manejarla, lo que permite a los ni\u00f1os disfrutar de la diversi\u00f3n del puzzle con seguridad y comodidad.<\/p>\n<p>Ya sea como compa\u00f1ero de juegos para el juego diario de los ni\u00f1os o como herramienta para la educaci\u00f3n temprana, nuestro rompecabezas infantil personalizado de madera con animales de dibujos animados en 3D puede cumplir perfectamente su funci\u00f3n. No s\u00f3lo puede traer horas felices a los ni\u00f1os, sino tambi\u00e9n promover el desarrollo de la inteligencia de los ni\u00f1os y la mejora cognitiva imperceptiblemente. Elegir este puzzle para ni\u00f1os significa a\u00f1adir un toque de color y sabidur\u00eda a su camino de crecimiento. \u00a1Venga y elija uno para su beb\u00e9!<\/p>","protected":false},"excerpt":{"rendered":"<p>Estilos ricos y diversos\uff1aCuenta con una gran variedad de simp\u00e1ticas formas de animales de dibujos animados, como elefantes, caracoles, zorros, delfines, etc., as\u00ed como formas de transporte como barcos y coches de polic\u00eda. Satisface las necesidades cognitivas de los ni\u00f1os por las cosas diferentes y estimula sus intereses de exploraci\u00f3n. Progresi\u00f3n cient\u00edfica de la dificultad\uff1aEl n\u00famero de piezas del rompecabezas aumenta de 4 a 8, y la dificultad aumenta gradualmente. Es adecuado para ni\u00f1os de diferentes edades y niveles cognitivos, ejercitando gradualmente sus manos - en la capacidad y la capacidad de pensamiento espacial. Materiales seguros y de alta calidad: Hecho de materiales de madera y recubierto con pintura a base de agua en la superficie, es seguro, respetuoso con el medio ambiente, resistente y duradero. El tama\u00f1o del puzzle es apropiado para que los ni\u00f1os lo agarren y lo manejen, garantizando su seguridad durante el juego.<\/p>","protected":false},"featured_media":1091,"template":"","meta":{"site-sidebar-layout":"default","site-content-layout":"","ast-site-content-layout":"default","site-content-style":"default","site-sidebar-style":"default","ast-global-header-display":"","ast-banner-title-visibility":"","ast-main-header-display":"","ast-hfb-above-header-display":"","ast-hfb-below-header-display":"","ast-hfb-mobile-header-display":"","site-post-title":"","ast-breadcrumbs-content":"","ast-featured-img":"","footer-sml-layout":"","theme-transparent-header-meta":"default","adv-header-id-meta":"","stick-header-meta":"default","header-above-stick-meta":"","header-main-stick-meta":"","header-below-stick-meta":"","astra-migrate-meta-layouts":"set","ast-page-background-enabled":"default","ast-page-background-meta":{"desktop":{"background-color":"var(--ast-global-color-4)","background-image":"","background-repeat":"repeat","background-position":"center center","background-size":"auto","background-attachment":"scroll","background-type":"","background-media":"","overlay-type":"","overlay-color":"","overlay-gradient":""},"tablet":{"background-color":"","background-image":"","background-repeat":"repeat","background-position":"center center","background-size":"auto","background-attachment":"scroll","background-type":"","background-media":"","overlay-type":"","overlay-color":"","overlay-gradient":""},"mobile":{"background-color":"","background-image":"","background-repeat":"repeat","background-position":"center center","background-size":"auto","background-attachment":"scroll","background-type":"","background-media":"","overlay-type":"","overlay-color":"","overlay-gradient":""}},"ast-content-background-meta":{"desktop":{"background-color":"var(--ast-global-color-5)","background-image":"","background-repeat":"repeat","background-position":"center center","background-size":"auto","background-attachment":"scroll","background-type":"","background-media":"","overlay-type":"","overlay-color":"","overlay-gradient":""},"tablet":{"background-color":"var(--ast-global-color-5)","background-image":"","background-repeat":"repeat","background-position":"center center","background-size":"auto","background-attachment":"scroll","background-type":"","background-media":"","overlay-type":"","overlay-color":"","overlay-gradient":""},"mobile":{"background-color":"var(--ast-global-color-5)","background-image":"","background-repeat":"repeat","background-position":"center center","background-size":"auto","background-attachment":"scroll","background-type":"","background-media":"","overlay-type":"","overlay-color":"","overlay-gradient":""}}},"product_brand":[],"product_cat":[49],"product_tag":[],"class_list":{"0":"post-1084","1":"product","2":"type-product","3":"status-publish","4":"has-post-thumbnail","6":"product_cat-oem-odm-gifts","7":"desktop-align-center","8":"tablet-align-center","9":"mobile-align-center","10":"ast-product-gallery-layout-vertical-slider","11":"ast-product-gallery-with-no-image","12":"ast-product-tabs-layout-horizontal","14":"first","15":"instock","16":"shipping-taxable","17":"product-type-simple"},"_links":{"self":[{"href":"https:\/\/veoyee.com\/es\/wp-json\/wp\/v2\/product\/1084","targetHints":{"allow":["GET"]}}],"collection":[{"href":"https:\/\/veoyee.com\/es\/wp-json\/wp\/v2\/product"}],"about":[{"href":"https:\/\/veoyee.com\/es\/wp-json\/wp\/v2\/types\/product"}],"wp:featuredmedia":[{"embeddable":true,"href":"https:\/\/veoyee.com\/es\/wp-json\/wp\/v2\/media\/1091"}],"wp:attachment":[{"href":"https:\/\/veoyee.com\/es\/wp-json\/wp\/v2\/media?parent=1084"}],"wp:term":[{"taxonomy":"product_brand","embeddable":true,"href":"https:\/\/veoyee.com\/es\/wp-json\/wp\/v2\/product_brand?post=1084"},{"taxonomy":"product_cat","embeddable":true,"href":"https:\/\/veoyee.com\/es\/wp-json\/wp\/v2\/product_cat?post=1084"},{"taxonomy":"product_tag","embeddable":true,"href":"https:\/\/veoyee.com\/es\/wp-json\/wp\/v2\/product_tag?post=1084"}],"curies":[{"name":"wp","href":"https:\/\/api.w.org\/{rel}","templated":true}]}}