{"id":1083,"date":"2025-10-27T11:20:12","date_gmt":"2025-10-27T11:20:12","guid":{"rendered":"https:\/\/veoyee.com\/?post_type=product&#038;p=1083"},"modified":"2025-10-27T11:22:04","modified_gmt":"2025-10-27T11:22:04","slug":"personalized-educational-fun-1000-piece-customizable-sublimation-blanks-jigsaw-puzzle-for-children-%e5%a4%8d%e5%88%b6","status":"publish","type":"product","link":"https:\/\/veoyee.com\/es\/product\/personalized-educational-fun-1000-piece-customizable-sublimation-blanks-jigsaw-puzzle-for-children-%e5%a4%8d%e5%88%b6\/","title":{"rendered":"Diversi\u00f3n educativa personalizada 1000 piezas personalizables sublimaci\u00f3n espacios en blanco rompecabezas para ni\u00f1os (\u590d\u5236)"},"content":{"rendered":"<div>Presentamos nuestro exquisito puzzle de 1000 piezas en blanco personalizables por sublimaci\u00f3n, una mezcla perfecta de entretenimiento y educaci\u00f3n dise\u00f1ada especialmente para los ni\u00f1os. Este rompecabezas no es s\u00f3lo un juego; es una puerta de entrada a un mundo de creatividad, aprendizaje y diversi\u00f3n sin fin.<\/div>\n<h2>Materiales de primera calidad<\/h2>\n<div>Elaborado con sumo cuidado, nuestro puzzle est\u00e1 hecho de papel ecol\u00f3gico de alta calidad. La base es de CCNB de 205 g\/m\u00b2 combinada con un cart\u00f3n gris de 800\/1200 g\/m\u00b2, de 1 mm a 3 mm de grosor. Esta robusta construcci\u00f3n garantiza que las piezas del puzzle sean lo suficientemente duraderas como para soportar la manipulaci\u00f3n entusiasta de los ni\u00f1os. Adem\u00e1s, los materiales utilizados son respetuosos con el medio ambiente, lo que lo convierte en una elecci\u00f3n segura para los m\u00e1s peque\u00f1os.<\/div>\n<h2>La mejor personalizaci\u00f3n<\/h2>\n<div>Una de las caracter\u00edsticas m\u00e1s interesantes de nuestro puzzle es el alto nivel de personalizaci\u00f3n que ofrece. Con la tecnolog\u00eda de sublimaci\u00f3n en blanco, puede convertir este puzzle en una verdadera obra maestra personalizada. Ya sea una foto familiar favorita, un personaje de dibujos animados querido o una obra de arte \u00fanica, el puzzle se puede personalizar para reflejar los intereses individuales del ni\u00f1o. Esto no s\u00f3lo hace que la experiencia de resolver el puzzle sea m\u00e1s atractiva, sino que tambi\u00e9n permite a los ni\u00f1os expresar su creatividad. Puede proporcionarnos los archivos de dise\u00f1o en varios formatos, como PDF, AI, EPS o GIF, y nuestro avanzado proceso de producci\u00f3n garantizar\u00e1 que el producto final sea de la m\u00e1xima calidad.<\/div>\n<h2>Beneficios educativos<\/h2>\n<div>Este puzzle de 1000 piezas es una gran herramienta educativa. A medida que los ni\u00f1os trabajan en el montaje del puzzle, mejoran una variedad de habilidades. Mejoran su motricidad fina al coger, manipular y encajar las piezas del puzzle. Tambi\u00e9n desarrollan habilidades cognitivas como la resoluci\u00f3n de problemas, la conciencia espacial y el reconocimiento de patrones. Aprenden a analizar formas, colores y patrones, y a averiguar c\u00f3mo encaja cada pieza en el conjunto. Adem\u00e1s, el proceso de completar un puzzle de 1.000 piezas ense\u00f1a a los ni\u00f1os paciencia, perseverancia y concentraci\u00f3n, cualidades esenciales para su desarrollo general.<\/div>\n<h2>Aplicaciones diversas<\/h2>\n<div>Nuestro puzzle personalizable tiene m\u00faltiples aplicaciones. Puede ser una maravillosa actividad de interior en un d\u00eda lluvioso, manteniendo a los ni\u00f1os entretenidos durante horas. Tambi\u00e9n es una excelente opci\u00f3n para pasar tiempo en familia, ya que padres e hijos pueden trabajar juntos para completar el puzzle. Adem\u00e1s, puede utilizarse en entornos educativos como colegios o programas extraescolares para complementar el aprendizaje de forma divertida e interactiva. Como regalo, este puzzle personalizado ser\u00e1 sin duda un \u00e9xito entre los ni\u00f1os, ya que combina la alegr\u00eda de recibir un regalo \u00fanico con la emoci\u00f3n de resolver puzzles.<\/div>\n<h2>Atractivas opciones de dise\u00f1o<\/h2>\n<div>Incluso antes de la personalizaci\u00f3n, nuestro puzzle viene con una gama de atractivos dise\u00f1os predeterminados. Desde vibrantes escenas submarinas llenas de peces de colores y majestuosas tortugas marinas hasta encantadores paisajes urbanos con g\u00f3ndolas flotando en canales, estos puzzles predise\u00f1ados son visualmente atractivos y atrayentes para los ni\u00f1os. La impresi\u00f3n CMYK de alta calidad garantiza que los colores sean vivos y duraderos, mejorando el atractivo est\u00e9tico general del puzzle.<\/div>\n<h2>Acabado de superficies para mayor durabilidad y atractivo<\/h2>\n<div>Para mejorar a\u00fan m\u00e1s la calidad y el aspecto del puzzle, ofrecemos varias opciones de acabado de la superficie. El plastificado brillante o mate no s\u00f3lo confiere al puzzle un aspecto profesional, sino que tambi\u00e9n lo protege del desgaste. El barniz, el UV directo y el troquelado pueden utilizarse para a\u00f1adir efectos visuales y texturas \u00fanicos, haciendo que el puzzle sea a\u00fan m\u00e1s especial. Estos toques finales no s\u00f3lo hacen que el puzzle sea m\u00e1s duradero, sino que tambi\u00e9n le a\u00f1aden encanto.<\/div>\n<h2>Adecuado para diferentes grupos de edad<\/h2>\n<div>Aunque est\u00e1 dise\u00f1ado pensando en los ni\u00f1os, nuestro puzzle de 1.000 piezas es adecuado para un amplio abanico de edades. Los ni\u00f1os m\u00e1s peque\u00f1os pueden necesitar ayuda de los adultos, lo que les brinda la oportunidad de compartir el aprendizaje y la interacci\u00f3n. Los ni\u00f1os mayores pueden enfrentarse al reto de forma independiente, experimentando una sensaci\u00f3n de logro a medida que completan el puzzle. Esto hace de nuestro puzzle un producto vers\u00e1til que puede ser disfrutado por ni\u00f1os de diferentes etapas de desarrollo.<\/div>\n<div>En conclusi\u00f3n, nuestro puzzle de 1000 piezas en blanco personalizables por sublimaci\u00f3n ofrece una combinaci\u00f3n \u00fanica de personalizaci\u00f3n, educaci\u00f3n y entretenimiento. Con sus materiales de alta calidad, diversas opciones de personalizaci\u00f3n, beneficios educativos y dise\u00f1os atractivos, es la elecci\u00f3n perfecta para los ni\u00f1os que aman aprender, crear y divertirse.<\/div>","protected":false},"excerpt":{"rendered":"<p>Personalizaci\u00f3n\uff1aPuede personalizar el tama\u00f1o, el material, el dise\u00f1o y el logotipo para satisfacer diversas necesidades. Adecuado para todas las edades\uff1aAdecuado para personas de diferentes grupos de edad, desde beb\u00e9s de 0 a 24 meses hasta adultos mayores de 14 a\u00f1os. Materiales ecol\u00f3gicos\uff1aFabricados con papel ecol\u00f3gico, CCNB de 205 gsm m\u00e1s cart\u00f3n gris de 800\/1200 gsm (1 mm - 3 mm), seguro y fiable. Diversos Estilos\uff1aCubriendo varios estilos como dibujos animados y educativo, sirve como un juguete y una herramienta educativa. M\u00faltiples usos\uff1aPuede ser utilizado como accesorios de juego, regalos, art\u00edculos promocionales, y es adecuado para escuelas, oficinas y escenarios comerciales.<\/p>","protected":false},"featured_media":1090,"template":"","meta":{"site-sidebar-layout":"default","site-content-layout":"","ast-site-content-layout":"default","site-content-style":"default","site-sidebar-style":"default","ast-global-header-display":"","ast-banner-title-visibility":"","ast-main-header-display":"","ast-hfb-above-header-display":"","ast-hfb-below-header-display":"","ast-hfb-mobile-header-display":"","site-post-title":"","ast-breadcrumbs-content":"","ast-featured-img":"","footer-sml-layout":"","theme-transparent-header-meta":"default","adv-header-id-meta":"","stick-header-meta":"default","header-above-stick-meta":"","header-main-stick-meta":"","header-below-stick-meta":"","astra-migrate-meta-layouts":"set","ast-page-background-enabled":"default","ast-page-background-meta":{"desktop":{"background-color":"var(--ast-global-color-4)","background-image":"","background-repeat":"repeat","background-position":"center center","background-size":"auto","background-attachment":"scroll","background-type":"","background-media":"","overlay-type":"","overlay-color":"","overlay-gradient":""},"tablet":{"background-color":"","background-image":"","background-repeat":"repeat","background-position":"center center","background-size":"auto","background-attachment":"scroll","background-type":"","background-media":"","overlay-type":"","overlay-color":"","overlay-gradient":""},"mobile":{"background-color":"","background-image":"","background-repeat":"repeat","background-position":"center center","background-size":"auto","background-attachment":"scroll","background-type":"","background-media":"","overlay-type":"","overlay-color":"","overlay-gradient":""}},"ast-content-background-meta":{"desktop":{"background-color":"var(--ast-global-color-5)","background-image":"","background-repeat":"repeat","background-position":"center center","background-size":"auto","background-attachment":"scroll","background-type":"","background-media":"","overlay-type":"","overlay-color":"","overlay-gradient":""},"tablet":{"background-color":"var(--ast-global-color-5)","background-image":"","background-repeat":"repeat","background-position":"center center","background-size":"auto","background-attachment":"scroll","background-type":"","background-media":"","overlay-type":"","overlay-color":"","overlay-gradient":""},"mobile":{"background-color":"var(--ast-global-color-5)","background-image":"","background-repeat":"repeat","background-position":"center center","background-size":"auto","background-attachment":"scroll","background-type":"","background-media":"","overlay-type":"","overlay-color":"","overlay-gradient":""}}},"product_brand":[],"product_cat":[48,49],"product_tag":[],"class_list":{"0":"post-1083","1":"product","2":"type-product","3":"status-publish","4":"has-post-thumbnail","6":"product_cat-gifts","7":"product_cat-oem-odm-gifts","8":"desktop-align-center","9":"tablet-align-center","10":"mobile-align-center","11":"ast-product-gallery-layout-vertical-slider","12":"ast-product-gallery-with-no-image","13":"ast-product-tabs-layout-horizontal","15":"first","16":"instock","17":"shipping-taxable","18":"product-type-simple"},"_links":{"self":[{"href":"https:\/\/veoyee.com\/es\/wp-json\/wp\/v2\/product\/1083","targetHints":{"allow":["GET"]}}],"collection":[{"href":"https:\/\/veoyee.com\/es\/wp-json\/wp\/v2\/product"}],"about":[{"href":"https:\/\/veoyee.com\/es\/wp-json\/wp\/v2\/types\/product"}],"wp:featuredmedia":[{"embeddable":true,"href":"https:\/\/veoyee.com\/es\/wp-json\/wp\/v2\/media\/1090"}],"wp:attachment":[{"href":"https:\/\/veoyee.com\/es\/wp-json\/wp\/v2\/media?parent=1083"}],"wp:term":[{"taxonomy":"product_brand","embeddable":true,"href":"https:\/\/veoyee.com\/es\/wp-json\/wp\/v2\/product_brand?post=1083"},{"taxonomy":"product_cat","embeddable":true,"href":"https:\/\/veoyee.com\/es\/wp-json\/wp\/v2\/product_cat?post=1083"},{"taxonomy":"product_tag","embeddable":true,"href":"https:\/\/veoyee.com\/es\/wp-json\/wp\/v2\/product_tag?post=1083"}],"curies":[{"name":"wp","href":"https:\/\/api.w.org\/{rel}","templated":true}]}}