{"id":851,"date":"2025-10-12T04:28:42","date_gmt":"2025-10-12T04:28:42","guid":{"rendered":"https:\/\/veoyee.com\/?post_type=product&#038;p=851"},"modified":"2026-01-14T06:28:09","modified_gmt":"2026-01-14T06:28:09","slug":"personalized-educational-fun-1000-piece-customizable-sublimation-blanks-jigsaw-puzzle-for-children","status":"publish","type":"product","link":"https:\/\/veoyee.com\/de\/produkt\/personalized-educational-fun-1000-piece-customizable-sublimation-blanks-jigsaw-puzzle-for-children\/","title":{"rendered":"Personalisierte p\u00e4dagogische Spa\u00df 1000 St\u00fcck anpassbare Sublimation Rohlinge Puzzle f\u00fcr Kinder"},"content":{"rendered":"<div>Wir stellen unser exquisites 1000-teiliges, individuell gestaltbares Sublimationspuzzle vor, eine perfekte Mischung aus Unterhaltung und Bildung, speziell f\u00fcr Kinder. Dieses Puzzle ist nicht nur ein Spiel; es ist ein Tor zu einer Welt der Kreativit\u00e4t, des Lernens und des endlosen Spa\u00dfes.<\/div>\n<div><\/div>\n<h2>Hochwertige Materialien<\/h2>\n<div>Unser mit gr\u00f6\u00dfter Sorgfalt hergestelltes Puzzle ist aus hochwertigem, umweltfreundlichem Papier gefertigt. Die Basis besteht aus 205gsm CCNB in Kombination mit einer 800\/1200gsm Graupappe, die zwischen 1mm und 3mm dick ist. Diese robuste Konstruktion sorgt daf\u00fcr, dass die Puzzleteile haltbar genug sind, um der begeisterten Handhabung durch Kinder standzuhalten. Die verwendeten Materialien sind au\u00dferdem umweltfreundlich, so dass es eine sichere Wahl f\u00fcr junge Benutzer ist.<\/div>\n<div><\/div>\n<h2>Individualisierung vom Feinsten<\/h2>\n<div>Eine der aufregendsten Eigenschaften unseres Puzzles ist der hohe Grad an Individualisierung, den es bietet. Mit der Sublimations-Rohlingstechnologie k\u00f6nnen Sie dieses Puzzle in ein wirklich individuelles Meisterwerk verwandeln. Egal, ob es sich um ein Lieblingsfamilienfoto, eine geliebte Zeichentrickfigur oder ein einzigartiges Kunstwerk handelt, das Puzzle kann so gestaltet werden, dass es die individuellen Interessen des Kindes widerspiegelt. Das macht nicht nur das L\u00f6sen des Puzzles interessanter, sondern erm\u00f6glicht es den Kindern auch, ihrer Kreativit\u00e4t freien Lauf zu lassen. Sie k\u00f6nnen uns Designdateien in verschiedenen Formaten wie PDF, AI, EPS oder GIF zur Verf\u00fcgung stellen, und unser fortschrittlicher Produktionsprozess gew\u00e4hrleistet, dass das Endprodukt von h\u00f6chster Qualit\u00e4t ist.<\/div>\n<div><\/div>\n<h2>Vorteile f\u00fcr die Bildung<\/h2>\n<div>Dieses 1000-teilige Puzzle ist ein gro\u00dfartiges Lernmittel. W\u00e4hrend die Kinder das Puzzle zusammensetzen, verbessern sie eine Vielzahl von F\u00e4higkeiten. Es verbessert ihre Feinmotorik, wenn sie die einzelnen Puzzleteile aufnehmen, manipulieren und zusammensetzen. Auch kognitive F\u00e4higkeiten wie Probleml\u00f6sung, r\u00e4umliches Vorstellungsverm\u00f6gen und Mustererkennung werden gef\u00f6rdert. Sie lernen, Formen, Farben und Muster zu analysieren und herauszufinden, wie jedes Teil in das Gesamtbild passt. Dar\u00fcber hinaus lehrt der Prozess der Fertigstellung eines Puzzles mit 1000 Teilen die Kinder Geduld, Ausdauer und Konzentration, was f\u00fcr ihre allgemeine Entwicklung von gro\u00dfer Bedeutung ist.<\/div>\n<div><\/div>\n<h2>Vielf\u00e4ltige Anwendungen<\/h2>\n<div>Unser anpassbares Puzzle ist vielseitig einsetzbar. Es kann eine wunderbare Indoor-Aktivit\u00e4t an einem regnerischen Tag sein, die Kinder stundenlang unterh\u00e4lt. Es ist auch eine ausgezeichnete Wahl f\u00fcr die Familienzusammenf\u00fchrung, da Eltern und Kinder zusammenarbeiten k\u00f6nnen, um das Puzzle zu vervollst\u00e4ndigen. Dar\u00fcber hinaus kann es in Bildungseinrichtungen wie Schulen oder in der Nachmittagsbetreuung eingesetzt werden, um das Lernen auf unterhaltsame und interaktive Weise zu erg\u00e4nzen. Als Geschenk wird dieses personalisierte Puzzle sicher ein Hit bei den Kindern sein, da es die Freude \u00fcber ein einzigartiges Geschenk mit der Spannung des Puzzlespiels verbindet.<\/div>\n<div><\/div>\n<h2>Attraktive Designoptionen<\/h2>\n<div>Noch vor der Anpassung wird unser Puzzle mit einer Reihe von attraktiven Standarddesigns geliefert. Von lebendigen Unterwasserszenen mit farbenfrohen Fischen und majest\u00e4tischen Meeresschildkr\u00f6ten bis hin zu charmanten Stadtlandschaften mit Gondeln, die auf Kan\u00e4len schwimmen - diese vorgefertigten Puzzles sind visuell ansprechend und fesselnd f\u00fcr Kinder. Der hochwertige CMYK-Druck sorgt daf\u00fcr, dass die Farben lebendig und langlebig sind, was die \u00c4sthetik des Puzzles insgesamt erh\u00f6ht.<\/div>\n<div><\/div>\n<h2>Oberfl\u00e4chenveredelung f\u00fcr Langlebigkeit und Attraktivit\u00e4t<\/h2>\n<div>Um die Qualit\u00e4t und das Aussehen des Puzzles weiter zu verbessern, bieten wir verschiedene M\u00f6glichkeiten der Oberfl\u00e4chenveredelung an. Die gl\u00e4nzende oder matte Laminierung verleiht dem Puzzle nicht nur ein professionelles Aussehen, sondern sch\u00fctzt es auch vor Abnutzung und Verschlei\u00df. Lack, Spot-UV und Stanzungen k\u00f6nnen verwendet werden, um einzigartige visuelle Effekte und Texturen hinzuzuf\u00fcgen, die das Puzzle noch spezieller machen. Diese Veredelungen machen das Puzzle nicht nur haltbarer, sondern tragen auch zu seinem allgemeinen Charme bei.<\/div>\n<div><\/div>\n<h2>Geeignet f\u00fcr verschiedene Altersgruppen<\/h2>\n<div>Unser 1000-teiliges Puzzle wurde zwar speziell f\u00fcr Kinder entwickelt, ist aber f\u00fcr eine breite Altersspanne geeignet. J\u00fcngere Kinder brauchen vielleicht etwas Hilfe von Erwachsenen, was eine Gelegenheit zum gemeinsamen Lernen und zur Interaktion bietet. \u00c4ltere Kinder k\u00f6nnen sich der Herausforderung selbst\u00e4ndig stellen und erleben ein Gef\u00fchl der Erf\u00fcllung, wenn sie das Puzzle fertigstellen. Dies macht unser Puzzle zu einem vielseitigen Produkt, das von Kindern verschiedener Entwicklungsstufen genutzt werden kann.<\/div>\n<div>Zusammenfassend l\u00e4sst sich sagen, dass unser 1000-teiliges anpassbares Sublimationspuzzle eine einzigartige Kombination aus Personalisierung, Bildung und Unterhaltung bietet. Mit seinen hochwertigen Materialien, vielf\u00e4ltigen Anpassungsm\u00f6glichkeiten, p\u00e4dagogischen Vorteilen und attraktiven Designs ist es die perfekte Wahl f\u00fcr Kinder, die gerne lernen, kreativ sein und Spa\u00df haben wollen.<\/div>","protected":false},"excerpt":{"rendered":"<p><strong>Customization\uff1a<\/strong><\/p>\n<p>Size, material, pattern and logo customization are supported to meet diverse needs. Suitable for All Ages\uff1aSuitable for people of different age groups, from infants aged 0 &#8211; 24 months to adults over 14 years old. Eco &#8211; friendly Materials\uff1aMade of eco &#8211; friendly paper, 205gsm CCNB plus 800\/1200gsm grey board (1mm &#8211; 3mm), safe and reliable. Diverse Styles\uff1aCovering various styles such as cartoon and educational, it serves as both a toy and an educational tool. Multiple Uses\uff1aCan be used as game props, gifts, promotional items, and is suitable for schools, offices and commercial scenarios<\/p>","protected":false},"featured_media":852,"template":"","meta":{"site-sidebar-layout":"default","site-content-layout":"","ast-site-content-layout":"default","site-content-style":"default","site-sidebar-style":"default","ast-global-header-display":"","ast-banner-title-visibility":"","ast-main-header-display":"","ast-hfb-above-header-display":"","ast-hfb-below-header-display":"","ast-hfb-mobile-header-display":"","site-post-title":"","ast-breadcrumbs-content":"","ast-featured-img":"","footer-sml-layout":"","theme-transparent-header-meta":"default","adv-header-id-meta":"","stick-header-meta":"default","header-above-stick-meta":"","header-main-stick-meta":"","header-below-stick-meta":"","astra-migrate-meta-layouts":"set","ast-page-background-enabled":"default","ast-page-background-meta":{"desktop":{"background-color":"var(--ast-global-color-4)","background-image":"","background-repeat":"repeat","background-position":"center center","background-size":"auto","background-attachment":"scroll","background-type":"","background-media":"","overlay-type":"","overlay-color":"","overlay-gradient":""},"tablet":{"background-color":"","background-image":"","background-repeat":"repeat","background-position":"center center","background-size":"auto","background-attachment":"scroll","background-type":"","background-media":"","overlay-type":"","overlay-color":"","overlay-gradient":""},"mobile":{"background-color":"","background-image":"","background-repeat":"repeat","background-position":"center center","background-size":"auto","background-attachment":"scroll","background-type":"","background-media":"","overlay-type":"","overlay-color":"","overlay-gradient":""}},"ast-content-background-meta":{"desktop":{"background-color":"var(--ast-global-color-5)","background-image":"","background-repeat":"repeat","background-position":"center center","background-size":"auto","background-attachment":"scroll","background-type":"","background-media":"","overlay-type":"","overlay-color":"","overlay-gradient":""},"tablet":{"background-color":"var(--ast-global-color-5)","background-image":"","background-repeat":"repeat","background-position":"center center","background-size":"auto","background-attachment":"scroll","background-type":"","background-media":"","overlay-type":"","overlay-color":"","overlay-gradient":""},"mobile":{"background-color":"var(--ast-global-color-5)","background-image":"","background-repeat":"repeat","background-position":"center center","background-size":"auto","background-attachment":"scroll","background-type":"","background-media":"","overlay-type":"","overlay-color":"","overlay-gradient":""}}},"product_brand":[],"product_cat":[15,48,49],"product_tag":[69,158,81],"class_list":{"0":"post-851","1":"product","2":"type-product","3":"status-publish","4":"has-post-thumbnail","6":"product_cat-product","7":"product_cat-gifts","8":"product_cat-oem-odm-gifts","9":"product_tag-all-games","10":"product_tag-best-sellers-games","11":"product_tag-strategic-mind","12":"desktop-align-center","13":"tablet-align-center","14":"mobile-align-center","15":"ast-product-gallery-layout-vertical-slider","16":"ast-product-gallery-with-no-image","17":"ast-product-tabs-layout-horizontal","19":"first","20":"instock","21":"shipping-taxable","22":"product-type-simple"},"_links":{"self":[{"href":"https:\/\/veoyee.com\/de\/wp-json\/wp\/v2\/product\/851","targetHints":{"allow":["GET"]}}],"collection":[{"href":"https:\/\/veoyee.com\/de\/wp-json\/wp\/v2\/product"}],"about":[{"href":"https:\/\/veoyee.com\/de\/wp-json\/wp\/v2\/types\/product"}],"wp:featuredmedia":[{"embeddable":true,"href":"https:\/\/veoyee.com\/de\/wp-json\/wp\/v2\/media\/852"}],"wp:attachment":[{"href":"https:\/\/veoyee.com\/de\/wp-json\/wp\/v2\/media?parent=851"}],"wp:term":[{"taxonomy":"product_brand","embeddable":true,"href":"https:\/\/veoyee.com\/de\/wp-json\/wp\/v2\/product_brand?post=851"},{"taxonomy":"product_cat","embeddable":true,"href":"https:\/\/veoyee.com\/de\/wp-json\/wp\/v2\/product_cat?post=851"},{"taxonomy":"product_tag","embeddable":true,"href":"https:\/\/veoyee.com\/de\/wp-json\/wp\/v2\/product_tag?post=851"}],"curies":[{"name":"wp","href":"https:\/\/api.w.org\/{rel}","templated":true}]}}