{"id":849,"date":"2025-10-12T04:27:42","date_gmt":"2025-10-12T04:27:42","guid":{"rendered":"https:\/\/veoyee.com\/?post_type=product&#038;p=849"},"modified":"2025-10-27T11:23:47","modified_gmt":"2025-10-27T11:23:47","slug":"custom-childrens-wooden-3d-cartoon-animal-puzzle-early-educational-toys","status":"publish","type":"product","link":"https:\/\/veoyee.com\/de\/produkt\/custom-childrens-wooden-3d-cartoon-animal-puzzle-early-educational-toys\/","title":{"rendered":"Benutzerdefinierte Kinder h\u00f6lzerne 3D Cartoon Tier Puzzle fr\u00fchen p\u00e4dagogischen Spielzeug"},"content":{"rendered":"<p>Custom Children's Wooden 3D Cartoon Animal Puzzle - Er\u00f6ffnung einer neuen Reise der fr\u00fchen - Bildung und Intelligenz Entwicklung<\/p>\n<p>Im Wachstumsprozess eines Kindes ist die fr\u00fche Bildung von gro\u00dfer Bedeutung. Unsere benutzerdefinierte Kinder Holz 3D Cartoon Tier Puzzle, als fr\u00fche - Bildung Spielzeug, das Spa\u00df und Bildung kombiniert, wird ein einzigartiges Spielerlebnis f\u00fcr Kinder zu bringen und dazu beitragen, ihre geistige Entwicklung.<\/p>\n<p><strong>Vielf\u00e4ltige Formen zur Anregung des kognitiven Interesses<\/strong><\/p>\n<p>Dieses Puzzle hat eine extrem reiche und vielf\u00e4ltige Auswahl an Formen. Die niedlichen Cartoon-Tierbilder sind sehr lebendig. Da gibt es die einfachen und h\u00fcbschen Elefanten mit ihren langen R\u00fcsseln, die sich wiegen, als w\u00fcrden sie Kinder begr\u00fc\u00dfen; die lebhaften kleinen Schnecken, die langsam mit ihren bunten Schneckenh\u00e4usern krabbeln; die schlauen und aufmerksamen F\u00fcchse mit ihren gro\u00dfen, neugierigen Augen; und die aktiven Delfine, die aus dem Wasser springen, um Freude zu bringen. Neben Tieren gibt es auch Transportformen wie Schiffe und Polizeiautos. Diese reichhaltigen Formen k\u00f6nnen das kognitive Interesse der Kinder an verschiedenen Dingen umfassend stimulieren, ihnen helfen, Tiere zu erkennen, Transportmittel zu verstehen, ihr Wissen zu erweitern und ihnen ein buntes Fenster zum Verst\u00e4ndnis der Welt zu \u00f6ffnen.<\/p>\n<p><strong>Wissenschaftlicher Schwierigkeitsgrad Progression zur \u00dcbung des Denkverm\u00f6gens<\/strong><\/p>\n<p>Das Puzzle ist nach dem Prinzip der wissenschaftlichen Progression in seinem Schwierigkeitsgrad raffiniert gestaltet. Es beginnt mit einem einfachen Puzzle mit 4 Teilen und ist f\u00fcr j\u00fcngere Babys geeignet, die gerade erst anfangen, mit Puzzles in Ber\u00fchrung zu kommen. Der Einstieg f\u00e4llt ihnen leicht, sie haben Erfolgserlebnisse, wenn sie das Puzzle erfolgreich abschlie\u00dfen, und entwickeln ihre Liebe zu Puzzlespielen. Wenn die Kinder \u00e4lter werden und sich ihre Handfertigkeit und ihr Denkverm\u00f6gen verbessern, gehen sie allm\u00e4hlich zu Puzzles mit 5, 6, 7 oder sogar 8 Teilen \u00fcber. Die Erh\u00f6hung der Anzahl der Puzzleteile bedeutet eine allm\u00e4hliche Steigerung der Schwierigkeit. Dies erfordert, dass die Kinder die Details der Muster genauer beobachten und \u00fcber die Lagebeziehungen der Puzzleteile nachdenken, wodurch ihr r\u00e4umliches Denkverm\u00f6gen, ihre Hand-Augen-Koordination und ihre Probleml\u00f6sungsf\u00e4higkeit effektiv trainiert werden. Die Kinder k\u00f6nnen sich beim Spielen st\u00e4ndig selbst herausfordern und ihre Intelligenz stetig steigern.<\/p>\n<p><strong>Sichere und hochwertige Materialien zur sorgf\u00e4ltigen Bewahrung des Wachstums<\/strong><\/p>\n<p>Bei der Auswahl der Materialien steht die Sicherheit der Kinder immer im Vordergrund. Dieses Puzzle besteht aus hochwertigen Holzmaterialien, die robust, sturzsicher und verschlei\u00dffest sind und der aktiven und spielerischen Art der Kinder standhalten k\u00f6nnen. Die Oberfl\u00e4che ist mit einer umweltfreundlichen und ungiftigen Farbe auf Wasserbasis beschichtet, die keine sch\u00e4dlichen Chemikalien freisetzt und verhindert, dass Kinder beim Spielen durch Ber\u00fchrung oder Bei\u00dfen verletzt werden. Zugleich ist die Gr\u00f6\u00dfe des Puzzles sehr r\u00fccksichtsvoll. Jedes Puzzleteil ist f\u00fcr Kinder leicht zu greifen, ohne dass die Gefahr des Verschluckens besteht, weil es zu klein ist, noch ist es zu gro\u00df, um es zu bedienen, so dass Kinder den Spa\u00df des Puzzles sicher und bequem genie\u00dfen k\u00f6nnen.<\/p>\n<p>Ob als Spielkamerad f\u00fcr das t\u00e4gliche Spiel der Kinder oder als Werkzeug f\u00fcr die fr\u00fche Bildung, unsere benutzerdefinierte Kinder Holz 3D Cartoon Tier-Puzzle kann perfekt seine Rolle erf\u00fcllen. Es kann nicht nur gl\u00fcckliche Stunden f\u00fcr Kinder bringen, sondern auch die Entwicklung der Intelligenz der Kinder und kognitive Verbesserung unmerklich f\u00f6rdern. Die Wahl dieses Puzzles f\u00fcr Kinder bedeutet, einen Hauch von Farbe und Weisheit zu ihrem Wachstumsweg hinzuzuf\u00fcgen. Kommen Sie und w\u00e4hlen Sie eines f\u00fcr Ihr Baby!<\/p>","protected":false},"excerpt":{"rendered":"<p>Reichhaltige und vielf\u00e4ltige Stile\uff1aEs bietet eine gro\u00dfe Auswahl an niedlichen Cartoon-Tierformen, wie Elefanten, Schnecken, F\u00fcchse, Delfine usw., sowie Transportformen wie Schiffe und Polizeiautos. Es erf\u00fcllt die kognitiven Bed\u00fcrfnisse der Kinder nach verschiedenen Dingen und regt ihre Entdeckungsinteressen an. Wissenschaftlicher Schwierigkeitsgrad\uff1aDie Anzahl der Puzzleteile steigt von 4 bis 8, wobei der Schwierigkeitsgrad allm\u00e4hlich zunimmt. Es ist f\u00fcr Kinder unterschiedlichen Alters und kognitiven Niveaus geeignet und trainiert nach und nach ihre handwerklichen F\u00e4higkeiten und ihr r\u00e4umliches Denkverm\u00f6gen. Sichere und hochwertige Materialien\uff1aHergestellt aus Holzmaterialien und beschichtet mit Farbe auf Wasserbasis auf der Oberfl\u00e4che, ist es sicher, umweltfreundlich, robust und langlebig. Die Gr\u00f6\u00dfe des Puzzles ist f\u00fcr Kinder geeignet, um zu greifen und zu bedienen, um ihre Sicherheit w\u00e4hrend des Spiels zu gew\u00e4hrleisten.<\/p>","protected":false},"featured_media":850,"template":"","meta":{"site-sidebar-layout":"default","site-content-layout":"","ast-site-content-layout":"default","site-content-style":"default","site-sidebar-style":"default","ast-global-header-display":"","ast-banner-title-visibility":"","ast-main-header-display":"","ast-hfb-above-header-display":"","ast-hfb-below-header-display":"","ast-hfb-mobile-header-display":"","site-post-title":"","ast-breadcrumbs-content":"","ast-featured-img":"","footer-sml-layout":"","theme-transparent-header-meta":"default","adv-header-id-meta":"","stick-header-meta":"default","header-above-stick-meta":"","header-main-stick-meta":"","header-below-stick-meta":"","astra-migrate-meta-layouts":"set","ast-page-background-enabled":"default","ast-page-background-meta":{"desktop":{"background-color":"var(--ast-global-color-4)","background-image":"","background-repeat":"repeat","background-position":"center center","background-size":"auto","background-attachment":"scroll","background-type":"","background-media":"","overlay-type":"","overlay-color":"","overlay-gradient":""},"tablet":{"background-color":"","background-image":"","background-repeat":"repeat","background-position":"center center","background-size":"auto","background-attachment":"scroll","background-type":"","background-media":"","overlay-type":"","overlay-color":"","overlay-gradient":""},"mobile":{"background-color":"","background-image":"","background-repeat":"repeat","background-position":"center center","background-size":"auto","background-attachment":"scroll","background-type":"","background-media":"","overlay-type":"","overlay-color":"","overlay-gradient":""}},"ast-content-background-meta":{"desktop":{"background-color":"var(--ast-global-color-5)","background-image":"","background-repeat":"repeat","background-position":"center center","background-size":"auto","background-attachment":"scroll","background-type":"","background-media":"","overlay-type":"","overlay-color":"","overlay-gradient":""},"tablet":{"background-color":"var(--ast-global-color-5)","background-image":"","background-repeat":"repeat","background-position":"center center","background-size":"auto","background-attachment":"scroll","background-type":"","background-media":"","overlay-type":"","overlay-color":"","overlay-gradient":""},"mobile":{"background-color":"var(--ast-global-color-5)","background-image":"","background-repeat":"repeat","background-position":"center center","background-size":"auto","background-attachment":"scroll","background-type":"","background-media":"","overlay-type":"","overlay-color":"","overlay-gradient":""}}},"product_brand":[],"product_cat":[15,49],"product_tag":[],"class_list":{"0":"post-849","1":"product","2":"type-product","3":"status-publish","4":"has-post-thumbnail","6":"product_cat-product","7":"product_cat-oem-odm-gifts","8":"desktop-align-center","9":"tablet-align-center","10":"mobile-align-center","11":"ast-product-gallery-layout-vertical-slider","12":"ast-product-gallery-with-no-image","13":"ast-product-tabs-layout-horizontal","15":"first","16":"instock","17":"shipping-taxable","18":"product-type-simple"},"_links":{"self":[{"href":"https:\/\/veoyee.com\/de\/wp-json\/wp\/v2\/product\/849","targetHints":{"allow":["GET"]}}],"collection":[{"href":"https:\/\/veoyee.com\/de\/wp-json\/wp\/v2\/product"}],"about":[{"href":"https:\/\/veoyee.com\/de\/wp-json\/wp\/v2\/types\/product"}],"wp:featuredmedia":[{"embeddable":true,"href":"https:\/\/veoyee.com\/de\/wp-json\/wp\/v2\/media\/850"}],"wp:attachment":[{"href":"https:\/\/veoyee.com\/de\/wp-json\/wp\/v2\/media?parent=849"}],"wp:term":[{"taxonomy":"product_brand","embeddable":true,"href":"https:\/\/veoyee.com\/de\/wp-json\/wp\/v2\/product_brand?post=849"},{"taxonomy":"product_cat","embeddable":true,"href":"https:\/\/veoyee.com\/de\/wp-json\/wp\/v2\/product_cat?post=849"},{"taxonomy":"product_tag","embeddable":true,"href":"https:\/\/veoyee.com\/de\/wp-json\/wp\/v2\/product_tag?post=849"}],"curies":[{"name":"wp","href":"https:\/\/api.w.org\/{rel}","templated":true}]}}