{"id":2051,"date":"2026-01-11T08:40:55","date_gmt":"2026-01-11T08:40:55","guid":{"rendered":"https:\/\/veoyee.com\/?post_type=product&#038;p=2051"},"modified":"2026-01-11T08:50:05","modified_gmt":"2026-01-11T08:50:05","slug":"cribbage-board-game","status":"publish","type":"product","link":"https:\/\/veoyee.com\/de\/produkt\/cribbage-board-game\/","title":{"rendered":"Cribbage Brettspiel"},"content":{"rendered":"<p><span style=\"font-weight: 400;\">Cribbage wurde von dem englischen Dichter Sir John Suckling im fr\u00fchen 17. Jahrhundert als Abwandlung des Spiels \"Noddy\" erfunden. W\u00e4hrend Noddy verschwunden ist, hat sich Cribbage praktisch unver\u00e4ndert als eines der beliebtesten Spiele in der englischsprachigen Welt erhalten! Wenn Sie einmal gelernt haben, wie man Cribbage spielt, gibt es keinen Zweifel mehr daran, warum dieses klassische Spiel so lange \u00fcberlebt hat.<\/span><\/p>\n<p><\/p>\n<p><span style=\"font-weight: 400;\">Bei Cribbage rast jeder Spieler auf das Ende des Spielbretts zu und sammelt dabei Punkte aus der Hand der Karten, die er erh\u00e4lt. Jeder Punkt entspricht der Anzahl der Felder, die man auf dem Spielfeld zur\u00fccklegen kann. Ziel ist es, als erster Spieler eine bestimmte Anzahl von Punkten zu erreichen, in der Regel 61 oder 121. Die Punkte werden durch Kartenkombinationen aus der eigenen Hand oder durch das Ausspielen der Karten des Gegners bestimmt, was Cribbage zu einem Spiel macht, das sowohl Gl\u00fcck als auch K\u00f6nnen erfordert. Unser Spielbrett ist handgefertigt, hat zwei Bahnen und wird mit einem kompletten Satz Spielkarten sowie 8 Stiften geliefert, die alle sicher in einem Schlitz auf der R\u00fcckseite des Brettes aufbewahrt werden k\u00f6nnen. Starten Sie eine Familientradition mit einem klassischen Spiel, das an die n\u00e4chsten Generationen weitergegeben werden kann!<\/span><\/p>\n<p><br style=\"font-weight: 400;\"><br style=\"font-weight: 400;\">Warnung: Verschluckungsgefahr - Kleinteile. Nicht f\u00fcr Kinder unter 3 Jahren geeignet<\/p>","protected":false},"excerpt":{"rendered":"<p>Cribbage was conceived by the English poet Sir John Suckling in the early 17th century, as a derivation of the [&hellip;]<\/p>","protected":false},"featured_media":2135,"template":"","meta":{"site-sidebar-layout":"default","site-content-layout":"","ast-site-content-layout":"","site-content-style":"default","site-sidebar-style":"default","ast-global-header-display":"","ast-banner-title-visibility":"","ast-main-header-display":"","ast-hfb-above-header-display":"","ast-hfb-below-header-display":"","ast-hfb-mobile-header-display":"","site-post-title":"","ast-breadcrumbs-content":"","ast-featured-img":"","footer-sml-layout":"","theme-transparent-header-meta":"","adv-header-id-meta":"","stick-header-meta":"","header-above-stick-meta":"","header-main-stick-meta":"","header-below-stick-meta":"","astra-migrate-meta-layouts":"default","ast-page-background-enabled":"default","ast-page-background-meta":{"desktop":{"background-color":"var(--ast-global-color-4)","background-image":"","background-repeat":"repeat","background-position":"center center","background-size":"auto","background-attachment":"scroll","background-type":"","background-media":"","overlay-type":"","overlay-color":"","overlay-gradient":""},"tablet":{"background-color":"","background-image":"","background-repeat":"repeat","background-position":"center center","background-size":"auto","background-attachment":"scroll","background-type":"","background-media":"","overlay-type":"","overlay-color":"","overlay-gradient":""},"mobile":{"background-color":"","background-image":"","background-repeat":"repeat","background-position":"center center","background-size":"auto","background-attachment":"scroll","background-type":"","background-media":"","overlay-type":"","overlay-color":"","overlay-gradient":""}},"ast-content-background-meta":{"desktop":{"background-color":"var(--ast-global-color-5)","background-image":"","background-repeat":"repeat","background-position":"center center","background-size":"auto","background-attachment":"scroll","background-type":"","background-media":"","overlay-type":"","overlay-color":"","overlay-gradient":""},"tablet":{"background-color":"var(--ast-global-color-5)","background-image":"","background-repeat":"repeat","background-position":"center center","background-size":"auto","background-attachment":"scroll","background-type":"","background-media":"","overlay-type":"","overlay-color":"","overlay-gradient":""},"mobile":{"background-color":"var(--ast-global-color-5)","background-image":"","background-repeat":"repeat","background-position":"center center","background-size":"auto","background-attachment":"scroll","background-type":"","background-media":"","overlay-type":"","overlay-color":"","overlay-gradient":""}}},"product_brand":[],"product_cat":[15,157],"product_tag":[65,66,54,136,69,158,138,141,72,73,168,74,169,172,81,82,85],"class_list":{"0":"post-2051","1":"product","2":"type-product","3":"status-publish","4":"has-post-thumbnail","6":"product_cat-product","7":"product_cat-wood-game","8":"product_tag-20-50","9":"product_tag-2-players","10":"product_tag-adults","11":"product_tag-ages-7-and-up","12":"product_tag-all-games","13":"product_tag-best-sellers-games","14":"product_tag-cards-games","15":"product_tag-default-category","16":"product_tag-difficulty-level","17":"product_tag-family-games","18":"product_tag-for-him","19":"product_tag-games","20":"product_tag-gifts-for-dad","21":"product_tag-new-products","22":"product_tag-strategic-mind","23":"product_tag-strategy-games","24":"product_tag-wholesale","25":"desktop-align-center","26":"tablet-align-center","27":"mobile-align-center","28":"ast-product-gallery-layout-vertical-slider","29":"ast-product-tabs-layout-horizontal","31":"first","32":"instock","33":"shipping-taxable","34":"purchasable","35":"product-type-simple"},"_links":{"self":[{"href":"https:\/\/veoyee.com\/de\/wp-json\/wp\/v2\/product\/2051","targetHints":{"allow":["GET"]}}],"collection":[{"href":"https:\/\/veoyee.com\/de\/wp-json\/wp\/v2\/product"}],"about":[{"href":"https:\/\/veoyee.com\/de\/wp-json\/wp\/v2\/types\/product"}],"wp:featuredmedia":[{"embeddable":true,"href":"https:\/\/veoyee.com\/de\/wp-json\/wp\/v2\/media\/2135"}],"wp:attachment":[{"href":"https:\/\/veoyee.com\/de\/wp-json\/wp\/v2\/media?parent=2051"}],"wp:term":[{"taxonomy":"product_brand","embeddable":true,"href":"https:\/\/veoyee.com\/de\/wp-json\/wp\/v2\/product_brand?post=2051"},{"taxonomy":"product_cat","embeddable":true,"href":"https:\/\/veoyee.com\/de\/wp-json\/wp\/v2\/product_cat?post=2051"},{"taxonomy":"product_tag","embeddable":true,"href":"https:\/\/veoyee.com\/de\/wp-json\/wp\/v2\/product_tag?post=2051"}],"curies":[{"name":"wp","href":"https:\/\/api.w.org\/{rel}","templated":true}]}}