{"id":2036,"date":"2026-01-11T08:40:27","date_gmt":"2026-01-11T08:40:27","guid":{"rendered":"https:\/\/veoyee.com\/?post_type=product&#038;p=2036"},"modified":"2026-01-11T08:50:06","modified_gmt":"2026-01-11T08:50:06","slug":"3d-connect-four-strategy-board-game","status":"publish","type":"product","link":"https:\/\/veoyee.com\/de\/produkt\/3d-connect-four-strategy-board-game\/","title":{"rendered":"3D Connect Four - Strategie-Brettspiel"},"content":{"rendered":"<p><span style=\"font-weight: 400;\" data-mce-style=\"font-weight: 400;\">Wenn du Connect Four liebst, warum nicht dein Spiel verbessern und mit 3D Connect Four in die n\u00e4chste Dimension springen? In dieser Version des klassischen Spiels legt jeder Spieler abwechselnd seinen farbigen Spielstein auf das 4 x 4 x 4-Gitter. Die Spieler erhalten einen Punkt f\u00fcr jede Reihe von 4 Spielsteinen in einer Reihe. Punkte k\u00f6nnen horizontal, vertikal und diagonal erzielt werden. <\/span><i><span style=\"font-weight: 400;\" data-mce-style=\"font-weight: 400;\">in jeder Dimension<\/span><\/i><span style=\"font-weight: 400;\" data-mce-style=\"font-weight: 400;\">! Der Trick zum Erfolg in diesem Strategiespiel ist, defensiv zu spielen <\/span><i><span style=\"font-weight: 400;\" data-mce-style=\"font-weight: 400;\">und<\/span><\/i><span style=\"font-weight: 400;\" data-mce-style=\"font-weight: 400;\"> offensiv, \u00e4hnlich wie bei Schach oder Dame. Vorsicht, innere Reihen und Spalten k\u00f6nnen aus dem Blickfeld geraten, wenn das Gitter voll ist, aber sie z\u00e4hlen trotzdem! Sobald das Gitter des W\u00fcrfels voll ist, ist der Spieler mit den meisten Punkten (4er-Reihen) der Champion!<\/span><\/p>\n<p><span style=\"font-weight: 400;\" data-mce-style=\"font-weight: 400;\">Dieses fein gearbeitete, h\u00f6lzerne 3D-Connect-Four-Spiel wird mit einer H\u00fclle geliefert, die das Spielfeld umschlie\u00dft. Es ist ein wunderbares Geschenk f\u00fcr jeden, der hochwertige, klassische Spiele sch\u00e4tzt, und es ist ein Verkaufsschlager f\u00fcr Kinder.<\/span><\/p>\n<p>Warnung: Verschluckungsgefahr - Kleinteile. Nicht f\u00fcr Kinder unter 3 Jahren geeignet<\/p>\n<p>\u00a0<\/p>\n<p>\u00a0<\/p>","protected":false},"excerpt":{"rendered":"<p>If you love Connect Four, why not up your game and jump into the next dimension with 3D Connect Four? [&hellip;]<\/p>","protected":false},"featured_media":2125,"template":"","meta":{"site-sidebar-layout":"default","site-content-layout":"","ast-site-content-layout":"","site-content-style":"default","site-sidebar-style":"default","ast-global-header-display":"","ast-banner-title-visibility":"","ast-main-header-display":"","ast-hfb-above-header-display":"","ast-hfb-below-header-display":"","ast-hfb-mobile-header-display":"","site-post-title":"","ast-breadcrumbs-content":"","ast-featured-img":"","footer-sml-layout":"","theme-transparent-header-meta":"","adv-header-id-meta":"","stick-header-meta":"","header-above-stick-meta":"","header-main-stick-meta":"","header-below-stick-meta":"","astra-migrate-meta-layouts":"default","ast-page-background-enabled":"default","ast-page-background-meta":{"desktop":{"background-color":"var(--ast-global-color-4)","background-image":"","background-repeat":"repeat","background-position":"center center","background-size":"auto","background-attachment":"scroll","background-type":"","background-media":"","overlay-type":"","overlay-color":"","overlay-gradient":""},"tablet":{"background-color":"","background-image":"","background-repeat":"repeat","background-position":"center center","background-size":"auto","background-attachment":"scroll","background-type":"","background-media":"","overlay-type":"","overlay-color":"","overlay-gradient":""},"mobile":{"background-color":"","background-image":"","background-repeat":"repeat","background-position":"center center","background-size":"auto","background-attachment":"scroll","background-type":"","background-media":"","overlay-type":"","overlay-color":"","overlay-gradient":""}},"ast-content-background-meta":{"desktop":{"background-color":"var(--ast-global-color-5)","background-image":"","background-repeat":"repeat","background-position":"center center","background-size":"auto","background-attachment":"scroll","background-type":"","background-media":"","overlay-type":"","overlay-color":"","overlay-gradient":""},"tablet":{"background-color":"var(--ast-global-color-5)","background-image":"","background-repeat":"repeat","background-position":"center center","background-size":"auto","background-attachment":"scroll","background-type":"","background-media":"","overlay-type":"","overlay-color":"","overlay-gradient":""},"mobile":{"background-color":"var(--ast-global-color-5)","background-image":"","background-repeat":"repeat","background-position":"center center","background-size":"auto","background-attachment":"scroll","background-type":"","background-media":"","overlay-type":"","overlay-color":"","overlay-gradient":""}}},"product_brand":[],"product_cat":[15,157],"product_tag":[65,66,129,67,54,136,69,158,139,170,73,130,142,74,106,171,169,144,75,76,146,131,81,82,160,84,85,151],"class_list":{"0":"post-2036","1":"product","2":"type-product","3":"status-publish","4":"has-post-thumbnail","6":"product_cat-product","7":"product_cat-wood-game","8":"product_tag-20-50","9":"product_tag-2-players","10":"product_tag-5-to-7-years-old","11":"product_tag-7-to-12-years-old","12":"product_tag-adults","13":"product_tag-ages-7-and-up","14":"product_tag-all-games","15":"product_tag-best-sellers-games","16":"product_tag-christmas-hanukkah","17":"product_tag-corporate-gifts","18":"product_tag-family-games","19":"product_tag-for-grandparents","20":"product_tag-for-her","21":"product_tag-games","22":"product_tag-gifts","23":"product_tag-gifts-by-theme","24":"product_tag-gifts-for-dad","25":"product_tag-gifts-for-mom","26":"product_tag-kids","27":"product_tag-kids-birthdays","28":"product_tag-party-games","29":"product_tag-senior","30":"product_tag-strategic-mind","31":"product_tag-strategy-games","32":"product_tag-teens","33":"product_tag-two-player-games","34":"product_tag-wholesale","35":"product_tag-wood-puzzle","36":"desktop-align-center","37":"tablet-align-center","38":"mobile-align-center","39":"ast-product-gallery-layout-vertical-slider","40":"ast-product-single-variable","41":"ast-product-tabs-layout-horizontal","43":"first","44":"instock","45":"sale","46":"shipping-taxable","47":"purchasable","48":"product-type-variable"},"_links":{"self":[{"href":"https:\/\/veoyee.com\/de\/wp-json\/wp\/v2\/product\/2036","targetHints":{"allow":["GET"]}}],"collection":[{"href":"https:\/\/veoyee.com\/de\/wp-json\/wp\/v2\/product"}],"about":[{"href":"https:\/\/veoyee.com\/de\/wp-json\/wp\/v2\/types\/product"}],"wp:featuredmedia":[{"embeddable":true,"href":"https:\/\/veoyee.com\/de\/wp-json\/wp\/v2\/media\/2125"}],"wp:attachment":[{"href":"https:\/\/veoyee.com\/de\/wp-json\/wp\/v2\/media?parent=2036"}],"wp:term":[{"taxonomy":"product_brand","embeddable":true,"href":"https:\/\/veoyee.com\/de\/wp-json\/wp\/v2\/product_brand?post=2036"},{"taxonomy":"product_cat","embeddable":true,"href":"https:\/\/veoyee.com\/de\/wp-json\/wp\/v2\/product_cat?post=2036"},{"taxonomy":"product_tag","embeddable":true,"href":"https:\/\/veoyee.com\/de\/wp-json\/wp\/v2\/product_tag?post=2036"}],"curies":[{"name":"wp","href":"https:\/\/api.w.org\/{rel}","templated":true}]}}