{"id":1421,"date":"2026-01-11T08:27:23","date_gmt":"2026-01-11T08:27:23","guid":{"rendered":"https:\/\/veoyee.com\/?post_type=product&#038;p=1421"},"modified":"2026-01-11T08:28:32","modified_gmt":"2026-01-11T08:28:32","slug":"logic-metal-brain-teasers-cpu-mind-educational-puzzles-game-for-adults-size-6-6-cm","status":"publish","type":"product","link":"https:\/\/veoyee.com\/de\/produkt\/logic-metal-brain-teasers-cpu-mind-educational-puzzles-game-for-adults-size-6-6-cm\/","title":{"rendered":"Logic Metal Brain Teasers CPU Mind Educational Puzzles Spiel f\u00fcr Erwachsene Gr\u00f6\u00dfe 6 * 6 CM"},"content":{"rendered":"<p><kse:widget data-widget-type=\"customText\" id=\"3810977\" type=\"custom\"><\/kse:widget><\/p>\n<p><\/p>\n<p style='font-family:\"Open Sans\", Arial, Helvetica, sans-serif, Heiti;font-size:14px;line-height:inherit;color:rgb(0, 0, 0);margin:0px;margin-bottom:0px;margin-top:0px;margin-left:0px;margin-right:0px;box-sizing:border-box'><span><span style=\"font-size:16px\"><span style=\"background-color:rgb(255, 255, 0)\">Product Details:<\/span><\/span><\/span><\/p>\n<div style='font-family:\"Open Sans\", Arial, Helvetica, sans-serif, Heiti;font-size:14px;color:rgb(0, 0, 0);box-sizing:content-box'>\n<ul style=\"margin:0px;margin-bottom:0px;margin-top:0px;margin-left:0px;margin-right:0px;padding:0px;padding-bottom:0px;padding-top:0px;padding-left:0px;padding-right:0px;box-sizing:border-box\">\n<li style=\"margin-left:0px;box-sizing:border-box\">\n<p><span style=\"color:rgb(0, 176, 240)\"><span style=\"font-size:16px\"><span>Packaging: OPP Bag<\/span><\/span><\/span><\/p>\n<\/li>\n<li style=\"margin-left:0px;box-sizing:border-box\">\n<p><span style=\"color:rgb(0, 176, 240)\"><span style=\"font-size:16px\"><span>Material: metal<\/span><\/span><\/span><\/p>\n<\/li>\n<li style=\"margin-left:0px;box-sizing:border-box\">\n<p><span style=\"color:rgb(0, 176, 240)\"><span style=\"font-size:16px\"><span>Size: about 6 * 6 CM<\/span><\/span><\/span><\/p>\n<\/li>\n<li style=\"margin-left:0px;box-sizing:border-box\">\n<p><span style=\"color:rgb(0, 176, 240)\"><span style=\"font-size:16px\"><span>Color:golden, as the image shown<\/span><\/span><\/span><\/p>\n<\/li>\n<li style=\"margin-left:0px;box-sizing:border-box\">\n<p><span style=\"color:rgb(0, 176, 240)\"><span style=\"font-size:16px\"><span>Recommended age: aged 14 years &amp; UP, suitable for both young and old<\/span><\/span><\/span><\/p>\n<\/li>\n<\/ul>\n<p><\/p>\n<\/div>\n<p><img decoding=\"async\" src=\"https:\/\/ae01.alicdn.com\/kf\/Sdbcb6c727b8045d6b2b287168bc4bbb3M.jpg\" slate-data-type=\"image\"><\/p>\n<\/p>\n<p><\/p>\n<p><img decoding=\"async\" src=\"https:\/\/ae01.alicdn.com\/kf\/S27c1265eed724ecfb1e75b260dbd4033P.jpg\" slate-data-type=\"image\"><\/p>\n<\/p>\n<p><img decoding=\"async\" src=\"https:\/\/ae01.alicdn.com\/kf\/S95a9676fefdc41e4b70f88ecf1f23b81j.jpg\" slate-data-type=\"image\"><\/p>","protected":false},"excerpt":{"rendered":"<p>Product Details: Packaging: OPP Bag Material: metal Size: about 6 * 6 CM Color:golden, as the image shown Recommended age: [&hellip;]<\/p>","protected":false},"featured_media":1467,"template":"","meta":{"site-sidebar-layout":"default","site-content-layout":"","ast-site-content-layout":"","site-content-style":"default","site-sidebar-style":"default","ast-global-header-display":"","ast-banner-title-visibility":"","ast-main-header-display":"","ast-hfb-above-header-display":"","ast-hfb-below-header-display":"","ast-hfb-mobile-header-display":"","site-post-title":"","ast-breadcrumbs-content":"","ast-featured-img":"","footer-sml-layout":"","theme-transparent-header-meta":"","adv-header-id-meta":"","stick-header-meta":"","header-above-stick-meta":"","header-main-stick-meta":"","header-below-stick-meta":"","astra-migrate-meta-layouts":"default","ast-page-background-enabled":"default","ast-page-background-meta":{"desktop":{"background-color":"var(--ast-global-color-4)","background-image":"","background-repeat":"repeat","background-position":"center center","background-size":"auto","background-attachment":"scroll","background-type":"","background-media":"","overlay-type":"","overlay-color":"","overlay-gradient":""},"tablet":{"background-color":"","background-image":"","background-repeat":"repeat","background-position":"center center","background-size":"auto","background-attachment":"scroll","background-type":"","background-media":"","overlay-type":"","overlay-color":"","overlay-gradient":""},"mobile":{"background-color":"","background-image":"","background-repeat":"repeat","background-position":"center center","background-size":"auto","background-attachment":"scroll","background-type":"","background-media":"","overlay-type":"","overlay-color":"","overlay-gradient":""}},"ast-content-background-meta":{"desktop":{"background-color":"var(--ast-global-color-5)","background-image":"","background-repeat":"repeat","background-position":"center center","background-size":"auto","background-attachment":"scroll","background-type":"","background-media":"","overlay-type":"","overlay-color":"","overlay-gradient":""},"tablet":{"background-color":"var(--ast-global-color-5)","background-image":"","background-repeat":"repeat","background-position":"center center","background-size":"auto","background-attachment":"scroll","background-type":"","background-media":"","overlay-type":"","overlay-color":"","overlay-gradient":""},"mobile":{"background-color":"var(--ast-global-color-5)","background-image":"","background-repeat":"repeat","background-position":"center center","background-size":"auto","background-attachment":"scroll","background-type":"","background-media":"","overlay-type":"","overlay-color":"","overlay-gradient":""}}},"product_brand":[],"product_cat":[58],"product_tag":[55,56],"class_list":{"0":"post-1421","1":"product","2":"type-product","3":"status-publish","4":"has-post-thumbnail","6":"product_cat-brain-teasers","7":"product_tag-decompression-toys","8":"product_tag-puzzle","9":"desktop-align-center","10":"tablet-align-center","11":"mobile-align-center","12":"ast-product-gallery-layout-vertical-slider","13":"ast-product-single-variable","14":"ast-product-tabs-layout-horizontal","16":"first","17":"instock","18":"shipping-taxable","19":"purchasable","20":"product-type-variable"},"_links":{"self":[{"href":"https:\/\/veoyee.com\/de\/wp-json\/wp\/v2\/product\/1421","targetHints":{"allow":["GET"]}}],"collection":[{"href":"https:\/\/veoyee.com\/de\/wp-json\/wp\/v2\/product"}],"about":[{"href":"https:\/\/veoyee.com\/de\/wp-json\/wp\/v2\/types\/product"}],"wp:featuredmedia":[{"embeddable":true,"href":"https:\/\/veoyee.com\/de\/wp-json\/wp\/v2\/media\/1467"}],"wp:attachment":[{"href":"https:\/\/veoyee.com\/de\/wp-json\/wp\/v2\/media?parent=1421"}],"wp:term":[{"taxonomy":"product_brand","embeddable":true,"href":"https:\/\/veoyee.com\/de\/wp-json\/wp\/v2\/product_brand?post=1421"},{"taxonomy":"product_cat","embeddable":true,"href":"https:\/\/veoyee.com\/de\/wp-json\/wp\/v2\/product_cat?post=1421"},{"taxonomy":"product_tag","embeddable":true,"href":"https:\/\/veoyee.com\/de\/wp-json\/wp\/v2\/product_tag?post=1421"}],"curies":[{"name":"wp","href":"https:\/\/api.w.org\/{rel}","templated":true}]}}