{"id":547,"date":"2025-10-11T08:52:06","date_gmt":"2025-10-11T08:52:06","guid":{"rendered":"https:\/\/veoyee.com\/contact-us\/"},"modified":"2025-11-23T11:26:18","modified_gmt":"2025-11-23T11:26:18","slug":"contact-us","status":"publish","type":"page","link":"https:\/\/veoyee.com\/de\/contact-us\/","title":{"rendered":"Kontakt"},"content":{"rendered":"<div data-elementor-type=\"wp-page\" data-elementor-id=\"547\" class=\"elementor elementor-547\" data-elementor-post-type=\"page\">\n\t\t\t\t<div data-particle_enable=\"false\" data-particle-mobile-disabled=\"false\" class=\"elementor-element elementor-element-46dd360 e-flex e-con-boxed e-con e-parent\" data-id=\"46dd360\" data-element_type=\"container\" data-settings=\"{&quot;background_background&quot;:&quot;classic&quot;}\">\n\t\t\t\t\t<div class=\"e-con-inner\">\n\t\t<div data-particle_enable=\"false\" data-particle-mobile-disabled=\"false\" class=\"elementor-element elementor-element-3da76d9 e-con-full e-flex e-con e-child\" data-id=\"3da76d9\" data-element_type=\"container\">\n\t\t\t\t<\/div>\n\t\t\t\t\t<\/div>\n\t\t\t\t<\/div>\n\t\t<div data-particle_enable=\"false\" data-particle-mobile-disabled=\"false\" class=\"elementor-element elementor-element-9bb0584 e-flex e-con-boxed e-con e-parent\" data-id=\"9bb0584\" data-element_type=\"container\">\n\t\t\t\t\t<div class=\"e-con-inner\">\n\t\t\t\t<div class=\"elementor-element elementor-element-1508b0a elementor-widget elementor-widget-heading\" data-id=\"1508b0a\" data-element_type=\"widget\" data-widget_type=\"heading.default\">\n\t\t\t\t<div class=\"elementor-widget-container\">\n\t\t\t\t\t<h1 class=\"elementor-heading-title elementor-size-default\">Kontakt<\/h1>\t\t\t\t<\/div>\n\t\t\t\t<\/div>\n\t\t\t\t\t<\/div>\n\t\t\t\t<\/div>\n\t\t<div data-particle_enable=\"false\" data-particle-mobile-disabled=\"false\" class=\"elementor-element elementor-element-70d9efd e-flex e-con-boxed e-con e-parent\" data-id=\"70d9efd\" data-element_type=\"container\">\n\t\t\t\t\t<div class=\"e-con-inner\">\n\t\t<div data-particle_enable=\"false\" data-particle-mobile-disabled=\"false\" class=\"elementor-element elementor-element-014ee4b e-con-full e-flex e-con e-child\" data-id=\"014ee4b\" data-element_type=\"container\">\n\t\t\t\t<div class=\"elementor-element elementor-element-d9af97a elementor-widget elementor-widget-wpforms\" data-id=\"d9af97a\" data-element_type=\"widget\" data-widget_type=\"wpforms.default\">\n\t\t\t\t<div class=\"elementor-widget-container\">\n\t\t\t\t\t<style id=\"wpforms-css-vars-root\">\n\t\t\t\t:root {\n\t\t\t\t\t--wpforms-field-border-radius: 3px;\n--wpforms-field-background-color: #ffffff;\n--wpforms-field-border-color: rgba( 0, 0, 0, 0.25 );\n--wpforms-field-text-color: rgba( 0, 0, 0, 0.7 );\n--wpforms-label-color: rgba( 0, 0, 0, 0.85 );\n--wpforms-label-sublabel-color: rgba( 0, 0, 0, 0.55 );\n--wpforms-label-error-color: #d63637;\n--wpforms-button-border-radius: 3px;\n--wpforms-button-background-color: #066aab;\n--wpforms-button-text-color: #ffffff;\n--wpforms-page-break-color: #066aab;\n--wpforms-field-size-input-height: 43px;\n--wpforms-field-size-input-spacing: 15px;\n--wpforms-field-size-font-size: 16px;\n--wpforms-field-size-line-height: 19px;\n--wpforms-field-size-padding-h: 14px;\n--wpforms-field-size-checkbox-size: 16px;\n--wpforms-field-size-sublabel-spacing: 5px;\n--wpforms-field-size-icon-size: 1;\n--wpforms-label-size-font-size: 16px;\n--wpforms-label-size-line-height: 19px;\n--wpforms-label-size-sublabel-font-size: 14px;\n--wpforms-label-size-sublabel-line-height: 17px;\n--wpforms-button-size-font-size: 17px;\n--wpforms-button-size-height: 41px;\n--wpforms-button-size-padding-h: 15px;\n--wpforms-button-size-margin-top: 10px;\n\n\t\t\t\t}\n\t\t\t<\/style><div class=\"wpforms-container wpforms-render-modern\" id=\"wpforms-16\"><form id=\"wpforms-form-16\" class=\"wpforms-validate wpforms-form wpforms-ajax-form\" data-formid=\"16\" method=\"post\" enctype=\"multipart\/form-data\" action=\"\/de\/wp-json\/wp\/v2\/pages\/547\" data-token=\"b96eb1ef80b4cf2ba33375dda881d8b9\" data-trp-original-action=\"\/de\/wp-json\/wp\/v2\/pages\/547\"><noscript class=\"wpforms-error-noscript\">Bitte aktiviere JavaScript in deinem Browser, um dieses Formular fertigzustellen.<\/noscript><div class=\"wpforms-hidden\" id=\"wpforms-error-noscript\">Bitte aktiviere JavaScript in deinem Browser, um dieses Formular fertigzustellen.<\/div><div class=\"wpforms-field-container\"><div id=\"wpforms-16-field_3-container\" class=\"wpforms-field wpforms-field-text\" data-field-id=\"3\"><label class=\"wpforms-field-label wpforms-label-hide\" for=\"wpforms-16-field_3\" aria-hidden=\"false\">Name <span class=\"wpforms-required-label\" aria-hidden=\"true\">*<\/span><\/label><input type=\"text\" id=\"wpforms-16-field_3\" class=\"wpforms-field-large wpforms-field-required\" name=\"wpforms[fields][3]\" placeholder=\"Name\" aria-errormessage=\"wpforms-16-field_3-error\" required><\/div><div id=\"wpforms-16-field_1-container\" class=\"wpforms-field wpforms-field-email\" data-field-id=\"1\"><label class=\"wpforms-field-label wpforms-label-hide\" for=\"wpforms-16-field_1\" aria-hidden=\"false\">E-Mail <span class=\"wpforms-required-label\" aria-hidden=\"true\">*<\/span><\/label><input type=\"email\" id=\"wpforms-16-field_1\" class=\"wpforms-field-large wpforms-field-required\" name=\"wpforms[fields][1]\" placeholder=\"E-Mail\" spellcheck=\"false\" aria-errormessage=\"wpforms-16-field_1-error\" required><\/div><div id=\"wpforms-16-field_2-container\" class=\"wpforms-field wpforms-field-textarea\" data-field-id=\"2\"><label class=\"wpforms-field-label wpforms-label-hide\" for=\"wpforms-16-field_2\" aria-hidden=\"false\">Nachricht <span class=\"wpforms-required-label\" aria-hidden=\"true\">*<\/span><\/label><textarea id=\"wpforms-16-field_2\" class=\"wpforms-field-large wpforms-field-required\" name=\"wpforms[fields][2]\" placeholder=\"Nachricht\" aria-errormessage=\"wpforms-16-field_2-error\" required><\/textarea><\/div><\/div><!-- .wpforms-field-container --><div class=\"wpforms-submit-container\" ><input type=\"hidden\" name=\"wpforms[id]\" value=\"16\"><input type=\"hidden\" name=\"wpforms[author]\" value=\"1\"><button type=\"submit\" name=\"wpforms[submit]\" id=\"wpforms-submit-16\" class=\"wpforms-submit\" data-alt-text=\"Sending...\" data-submit-text=\"Send\" aria-live=\"assertive\" value=\"wpforms-submit\">Senden Sie<\/button><img decoding=\"async\" src=\"https:\/\/veoyee.com\/wp-content\/plugins\/wpforms\/assets\/images\/submit-spin.svg\" class=\"wpforms-submit-spinner\" style=\"display: none;\" width=\"26\" height=\"26\" alt=\"Wird geladen\"><\/div><input type=\"hidden\" name=\"trp-form-language\" value=\"de\"\/><\/form><\/div>  <!-- .wpforms-container -->\t\t\t\t<\/div>\n\t\t\t\t<\/div>\n\t\t\t\t<\/div>\n\t\t<div data-particle_enable=\"false\" data-particle-mobile-disabled=\"false\" class=\"elementor-element elementor-element-566ff2d e-con-full e-flex e-con e-child\" data-id=\"566ff2d\" data-element_type=\"container\">\n\t\t\t\t<div class=\"elementor-element elementor-element-841a9b1 elementor-widget__width-initial elementor-widget elementor-widget-image-box\" data-id=\"841a9b1\" data-element_type=\"widget\" data-widget_type=\"image-box.default\">\n\t\t\t\t<div class=\"elementor-widget-container\">\n\t\t\t\t\t<div class=\"elementor-image-box-wrapper\"><div class=\"elementor-image-box-content\"><h6 class=\"elementor-image-box-title\">Telefon<\/h6><p class=\"elementor-image-box-description\">+86 150 1999 5967<\/p><\/div><\/div>\t\t\t\t<\/div>\n\t\t\t\t<\/div>\n\t\t\t\t<div class=\"elementor-element elementor-element-59ec48b elementor-widget__width-initial elementor-widget elementor-widget-image-box\" data-id=\"59ec48b\" data-element_type=\"widget\" data-widget_type=\"image-box.default\">\n\t\t\t\t<div class=\"elementor-widget-container\">\n\t\t\t\t\t<div class=\"elementor-image-box-wrapper\"><div class=\"elementor-image-box-content\"><h6 class=\"elementor-image-box-title\">E-Mail<\/h6><p class=\"elementor-image-box-description\">E-Mail: laowang@veoyee.com<\/p><\/div><\/div>\t\t\t\t<\/div>\n\t\t\t\t<\/div>\n\t\t\t\t<div class=\"elementor-element elementor-element-251c5d1 elementor-widget__width-initial elementor-widget elementor-widget-image-box\" data-id=\"251c5d1\" data-element_type=\"widget\" data-widget_type=\"image-box.default\">\n\t\t\t\t<div class=\"elementor-widget-container\">\n\t\t\t\t\t<div class=\"elementor-image-box-wrapper\"><div class=\"elementor-image-box-content\"><h6 class=\"elementor-image-box-title\">Kontakt<\/h6><p class=\"elementor-image-box-description\">Name: Gavin Wang (Laowang)<\/p><\/div><\/div>\t\t\t\t<\/div>\n\t\t\t\t<\/div>\n\t\t\t\t<div class=\"elementor-element elementor-element-dfb03a4 elementor-widget elementor-widget-image-box\" data-id=\"dfb03a4\" data-element_type=\"widget\" data-widget_type=\"image-box.default\">\n\t\t\t\t<div class=\"elementor-widget-container\">\n\t\t\t\t\t<div class=\"elementor-image-box-wrapper\"><div class=\"elementor-image-box-content\"><h6 class=\"elementor-image-box-title\">Adresse<\/h6><p class=\"elementor-image-box-description\">Add: Nr.2, Dayuan Ro<b>ad, Liaobu Town, DongGu<\/b>an City, GuangDong Prov, China. 523418<\/p><\/div><\/div>\t\t\t\t<\/div>\n\t\t\t\t<\/div>\n\t\t\t\t<\/div>\n\t\t\t\t\t<\/div>\n\t\t\t\t<\/div>\n\t\t<div data-particle_enable=\"false\" data-particle-mobile-disabled=\"false\" class=\"elementor-element elementor-element-82ed5c3 e-flex e-con-boxed e-con e-parent\" data-id=\"82ed5c3\" data-element_type=\"container\">\n\t\t\t\t\t<div class=\"e-con-inner\">\n\t\t\t\t<div class=\"elementor-element elementor-element-3fd4116 elementor-widget elementor-widget-text-editor\" data-id=\"3fd4116\" data-element_type=\"widget\" data-widget_type=\"text-editor.default\">\n\t\t\t\t<div class=\"elementor-widget-container\">\n\t\t\t\t\t\t\t\t\t<h5><strong>Professionelle OEM-Geschenkfabrik - mit Schwerpunkt auf kundenspezifischer Produktion, Qualit\u00e4t und Kreativit\u00e4t<\/strong><\/h5><h5>Wir sind eine professionelle OEM-Fabrik, die sich intensiv mit der Herstellung von OEM-Geschenken befasst und \u00fcber mehr als zehn Jahre Branchenerfahrung verf\u00fcgt. Wir konzentrieren uns darauf, globale Markenh\u00e4ndler, E-Commerce-Plattformen und Unternehmenskunden mit ma\u00dfgeschneiderten Geschenkproduktionsdienstleistungen aus einer Hand zu versorgen. Vom kreativen Design bis zur Lieferung des fertigen Produkts helfen wir unseren Kunden, differenzierte Geschenke zu erstellen und den Markenwert durch effiziente Produktionskapazit\u00e4ten, ein strenges Qualit\u00e4tskontrollsystem und flexible Anpassungsl\u00f6sungen zu steigern.<\/h5><h5>Zentrale St\u00e4rken<\/h5><h5>Vollst\u00e4ndige Abdeckung der Kategorien: Hunderte von Kategorien wie Weihnachtsgeschenke, Werbegeschenke, kulturelle und kreative Peripherieger\u00e4te usw., Unterst\u00fctzung der Verarbeitung verschiedener Materialien wie Metall, Keramik, Holz, Stoff, Elektronik usw.<\/h5><h5>Flexible Produktion: Dank unabh\u00e4ngiger Produktionslinien und eines kollaborativen Fabriknetzwerks kann das Unternehmen schnell auf den Bedarf an kundenspezifischen Kleinserien reagieren und gleichzeitig eine effiziente Lieferung f\u00fcr Gro\u00dfauftr\u00e4ge gew\u00e4hrleisten.<\/h5><h5>Bef\u00e4higung zum Design: Ausgestattet mit einem professionellen Designteam, das den gesamten Prozess von der Konzeptskizze bis zur 3D-Modellierung unterst\u00fctzt und den Kunden bei der Produktinnovation und der Integration des Markentons hilft.<\/h5><h5>Strenge Qualit\u00e4tskontrolle: Durch die Zertifizierung des Qualit\u00e4tsmanagementsystems nach ISO9001 werden w\u00e4hrend des gesamten Prozesses, von der Auswahl des Rohmaterials bis zur Auslieferung des Endprodukts, 12 Qualit\u00e4tskontrollverfahren durchgef\u00fchrt, die sicherstellen, dass die Produkte keine Fehler aufweisen.<\/h5><h5>Globale Dienstleistungen: Unsere Kooperationskunden decken \u00fcber 30 L\u00e4nder und Regionen ab, darunter Europa, Amerika und S\u00fcdostasien, und unterst\u00fctzen mehrsprachige Kommunikation und grenz\u00fcberschreitende Logistikl\u00f6sungen.<\/h5><h5>Service Prozess<br \/>Anforderungskommunikation \u2192 Schemaentwurf \u2192 Musterbest\u00e4tigung \u2192 Lieferung der Massenproduktion \u2192 After-Sales-Support<\/h5>\t\t\t\t\t\t\t\t<\/div>\n\t\t\t\t<\/div>\n\t\t\t\t\t<\/div>\n\t\t\t\t<\/div>\n\t\t\t\t<\/div>","protected":false},"excerpt":{"rendered":"<p>Contact Us \u8bf7\u5728\u6d4f\u89c8\u5668\u4e2d\u542f\u7528JavaScript\u6765\u5b8c\u6210\u6b64\u8868\u5355\u3002\u8bf7\u5728\u6d4f\u89c8\u5668\u4e2d\u542f\u7528JavaScript\u6765\u5b8c\u6210\u6b64\u8868\u5355\u3002Name *Email *Message * Send Phone +86 150 1999 5967 Email mail: laowang@veoyee.com Contact Name: Gavin Wang (Laowang) [&hellip;]<\/p>","protected":false},"author":1,"featured_media":0,"parent":0,"menu_order":4,"comment_status":"closed","ping_status":"closed","template":"","meta":{"site-sidebar-layout":"no-sidebar","site-content-layout":"","ast-site-content-layout":"full-width-container","site-content-style":"default","site-sidebar-style":"default","ast-global-header-display":"","ast-banner-title-visibility":"","ast-main-header-display":"","ast-hfb-above-header-display":"","ast-hfb-below-header-display":"","ast-hfb-mobile-header-display":"","site-post-title":"disabled","ast-breadcrumbs-content":"","ast-featured-img":"disabled","footer-sml-layout":"","theme-transparent-header-meta":"enabled","adv-header-id-meta":"","stick-header-meta":"","header-above-stick-meta":"","header-main-stick-meta":"","header-below-stick-meta":"","astra-migrate-meta-layouts":"default","ast-page-background-enabled":"default","ast-page-background-meta":{"desktop":{"background-color":"var(--ast-global-color-4)","background-image":"","background-repeat":"repeat","background-position":"center center","background-size":"auto","background-attachment":"scroll","background-type":"","background-media":"","overlay-type":"","overlay-color":"","overlay-gradient":""},"tablet":{"background-color":"","background-image":"","background-repeat":"repeat","background-position":"center center","background-size":"auto","background-attachment":"scroll","background-type":"","background-media":"","overlay-type":"","overlay-color":"","overlay-gradient":""},"mobile":{"background-color":"","background-image":"","background-repeat":"repeat","background-position":"center center","background-size":"auto","background-attachment":"scroll","background-type":"","background-media":"","overlay-type":"","overlay-color":"","overlay-gradient":""}},"ast-content-background-meta":{"desktop":{"background-color":"var(--ast-global-color-5)","background-image":"","background-repeat":"repeat","background-position":"center center","background-size":"auto","background-attachment":"scroll","background-type":"","background-media":"","overlay-type":"","overlay-color":"","overlay-gradient":""},"tablet":{"background-color":"var(--ast-global-color-5)","background-image":"","background-repeat":"repeat","background-position":"center center","background-size":"auto","background-attachment":"scroll","background-type":"","background-media":"","overlay-type":"","overlay-color":"","overlay-gradient":""},"mobile":{"background-color":"var(--ast-global-color-5)","background-image":"","background-repeat":"repeat","background-position":"center center","background-size":"auto","background-attachment":"scroll","background-type":"","background-media":"","overlay-type":"","overlay-color":"","overlay-gradient":""}},"footnotes":""},"class_list":["post-547","page","type-page","status-publish","hentry"],"_links":{"self":[{"href":"https:\/\/veoyee.com\/de\/wp-json\/wp\/v2\/pages\/547","targetHints":{"allow":["GET"]}}],"collection":[{"href":"https:\/\/veoyee.com\/de\/wp-json\/wp\/v2\/pages"}],"about":[{"href":"https:\/\/veoyee.com\/de\/wp-json\/wp\/v2\/types\/page"}],"author":[{"embeddable":true,"href":"https:\/\/veoyee.com\/de\/wp-json\/wp\/v2\/users\/1"}],"replies":[{"embeddable":true,"href":"https:\/\/veoyee.com\/de\/wp-json\/wp\/v2\/comments?post=547"}],"version-history":[{"count":33,"href":"https:\/\/veoyee.com\/de\/wp-json\/wp\/v2\/pages\/547\/revisions"}],"predecessor-version":[{"id":1145,"href":"https:\/\/veoyee.com\/de\/wp-json\/wp\/v2\/pages\/547\/revisions\/1145"}],"wp:attachment":[{"href":"https:\/\/veoyee.com\/de\/wp-json\/wp\/v2\/media?parent=547"}],"curies":[{"name":"wp","href":"https:\/\/api.w.org\/{rel}","templated":true}]}}